{"id":162,"date":"2023-08-08T20:02:07","date_gmt":"2023-08-08T23:02:07","guid":{"rendered":"https:\/\/estiloclassico.com.br\/index.php\/product\/mesa-de-jogos-damas\/"},"modified":"2023-10-06T17:09:05","modified_gmt":"2023-10-06T20:09:05","slug":"mesa-de-jogos-damas","status":"publish","type":"product","link":"https:\/\/estiloclassico.com.br\/index.php\/product\/mesa-de-jogos-damas\/","title":{"rendered":"Mesa de Jogos Damas"},"content":{"rendered":"<p>Mesa de jogos quadrada em mogno, estilo ingl\u00eas com tampo revers\u00edvel, de um lado feltro verdd e do outro tabuleiro de jogo de damas todo feito em marchetaria e dois espa\u00e7os internos para guardar objetos.<\/p>\n<p>A:68<br \/>\nL:86<\/p>\n","protected":false},"excerpt":{"rendered":"<p>Mesa de jogos quadrada em mogno, estilo ingl\u00eas com tampo revers\u00edvel, de um lado feltro verdd e do outro tabuleiro de jogo de damas todo feito em marchetaria e dois espa\u00e7os internos para guardar objetos. A:68 L:86<\/p>\n","protected":false},"featured_media":199,"template":"","meta":{"site-sidebar-layout":"default","site-content-layout":"default","ast-site-content-layout":"default","site-content-style":"default","site-sidebar-style":"default","ast-global-header-display":"","ast-banner-title-visibility":"","ast-main-header-display":"","ast-hfb-above-header-display":"","ast-hfb-below-header-display":"","ast-hfb-mobile-header-display":"","site-post-title":"","ast-breadcrumbs-content":"","ast-featured-img":"","footer-sml-layout":"","theme-transparent-header-meta":"default","adv-header-id-meta":"","stick-header-meta":"","header-above-stick-meta":"","header-main-stick-meta":"","header-below-stick-meta":"","astra-migrate-meta-layouts":"set"},"product_cat":[20,39],"product_tag":[],"_links":{"self":[{"href":"https:\/\/estiloclassico.com.br\/index.php\/wp-json\/wp\/v2\/product\/162"}],"collection":[{"href":"https:\/\/estiloclassico.com.br\/index.php\/wp-json\/wp\/v2\/product"}],"about":[{"href":"https:\/\/estiloclassico.com.br\/index.php\/wp-json\/wp\/v2\/types\/product"}],"wp:featuredmedia":[{"embeddable":true,"href":"https:\/\/estiloclassico.com.br\/index.php\/wp-json\/wp\/v2\/media\/199"}],"wp:attachment":[{"href":"https:\/\/estiloclassico.com.br\/index.php\/wp-json\/wp\/v2\/media?parent=162"}],"wp:term":[{"taxonomy":"product_cat","embeddable":true,"href":"https:\/\/estiloclassico.com.br\/index.php\/wp-json\/wp\/v2\/product_cat?post=162"},{"taxonomy":"product_tag","embeddable":true,"href":"https:\/\/estiloclassico.com.br\/index.php\/wp-json\/wp\/v2\/product_tag?post=162"}],"curies":[{"name":"wp","href":"https:\/\/api.w.org\/{rel}","templated":true}]}}