{"id":163,"date":"2023-08-08T20:02:08","date_gmt":"2023-08-08T23:02:08","guid":{"rendered":"https:\/\/estiloclassico.com.br\/index.php\/product\/mesa-de-jogos-quadrado\/"},"modified":"2023-10-06T17:09:40","modified_gmt":"2023-10-06T20:09:40","slug":"mesa-de-jogos-quadrado","status":"publish","type":"product","link":"https:\/\/estiloclassico.com.br\/index.php\/product\/mesa-de-jogos-quadrado\/","title":{"rendered":"Mesa de Jogos Quadrado"},"content":{"rendered":"<p>Mesa de jogos em mogno, quadrada, estilo ingl\u00eas, tampo revers\u00edvel, de um lado couro e do outro feltro verde, com quatro gavetas pequenas e quatro m\u00e9dias.<\/p>\n<p>A:74<br \/>\nL:89<\/p>\n","protected":false},"excerpt":{"rendered":"<p>Mesa de jogos em mogno, quadrada, estilo ingl\u00eas, tampo revers\u00edvel, de um lado couro e do outro feltro verde, com quatro gavetas pequenas e quatro m\u00e9dias. A:74 L:89<\/p>\n","protected":false},"featured_media":203,"template":"","meta":{"site-sidebar-layout":"default","site-content-layout":"default","ast-site-content-layout":"default","site-content-style":"default","site-sidebar-style":"default","ast-global-header-display":"","ast-banner-title-visibility":"","ast-main-header-display":"","ast-hfb-above-header-display":"","ast-hfb-below-header-display":"","ast-hfb-mobile-header-display":"","site-post-title":"","ast-breadcrumbs-content":"","ast-featured-img":"","footer-sml-layout":"","theme-transparent-header-meta":"default","adv-header-id-meta":"","stick-header-meta":"","header-above-stick-meta":"","header-main-stick-meta":"","header-below-stick-meta":"","astra-migrate-meta-layouts":"set"},"product_cat":[20,39],"product_tag":[],"_links":{"self":[{"href":"https:\/\/estiloclassico.com.br\/index.php\/wp-json\/wp\/v2\/product\/163"}],"collection":[{"href":"https:\/\/estiloclassico.com.br\/index.php\/wp-json\/wp\/v2\/product"}],"about":[{"href":"https:\/\/estiloclassico.com.br\/index.php\/wp-json\/wp\/v2\/types\/product"}],"wp:featuredmedia":[{"embeddable":true,"href":"https:\/\/estiloclassico.com.br\/index.php\/wp-json\/wp\/v2\/media\/203"}],"wp:attachment":[{"href":"https:\/\/estiloclassico.com.br\/index.php\/wp-json\/wp\/v2\/media?parent=163"}],"wp:term":[{"taxonomy":"product_cat","embeddable":true,"href":"https:\/\/estiloclassico.com.br\/index.php\/wp-json\/wp\/v2\/product_cat?post=163"},{"taxonomy":"product_tag","embeddable":true,"href":"https:\/\/estiloclassico.com.br\/index.php\/wp-json\/wp\/v2\/product_tag?post=163"}],"curies":[{"name":"wp","href":"https:\/\/api.w.org\/{rel}","templated":true}]}}