{"id":178,"date":"2023-08-08T20:02:26","date_gmt":"2023-08-08T23:02:26","guid":{"rendered":"https:\/\/estiloclassico.com.br\/index.php\/product\/mesa-de-centro-com-radica-de-imbuia\/"},"modified":"2023-09-22T17:31:53","modified_gmt":"2023-09-22T20:31:53","slug":"mesa-de-centro-com-radica-de-imbuia","status":"publish","type":"product","link":"https:\/\/estiloclassico.com.br\/index.php\/product\/mesa-de-centro-com-radica-de-imbuia\/","title":{"rendered":"Mesa de Centro com R\u00e1dica de Imbuia"},"content":{"rendered":"<p>Mesa de centro quadrada em mogno, estilo ingl\u00eas com detalhe embutido de pau marfim e r\u00e1dica de imbuia ao redor do tampo<\/p>\n<p>A:40<br \/>\nL:100<br \/>\nC:100<\/p>\n","protected":false},"excerpt":{"rendered":"<p>Mesa de centro quadrada em mogno, estilo ingl\u00eas com detalhe embutido de pau marfim e r\u00e1dica de imbuia ao redor do tampo A:40 L:100 C:100<\/p>\n","protected":false},"featured_media":579,"template":"","meta":{"site-sidebar-layout":"default","site-content-layout":"default","ast-site-content-layout":"","site-content-style":"default","site-sidebar-style":"default","ast-global-header-display":"","ast-banner-title-visibility":"","ast-main-header-display":"","ast-hfb-above-header-display":"","ast-hfb-below-header-display":"","ast-hfb-mobile-header-display":"","site-post-title":"","ast-breadcrumbs-content":"","ast-featured-img":"","footer-sml-layout":"","theme-transparent-header-meta":"default","adv-header-id-meta":"","stick-header-meta":"","header-above-stick-meta":"","header-main-stick-meta":"","header-below-stick-meta":"","astra-migrate-meta-layouts":""},"product_cat":[20,37],"product_tag":[],"_links":{"self":[{"href":"https:\/\/estiloclassico.com.br\/index.php\/wp-json\/wp\/v2\/product\/178"}],"collection":[{"href":"https:\/\/estiloclassico.com.br\/index.php\/wp-json\/wp\/v2\/product"}],"about":[{"href":"https:\/\/estiloclassico.com.br\/index.php\/wp-json\/wp\/v2\/types\/product"}],"wp:featuredmedia":[{"embeddable":true,"href":"https:\/\/estiloclassico.com.br\/index.php\/wp-json\/wp\/v2\/media\/579"}],"wp:attachment":[{"href":"https:\/\/estiloclassico.com.br\/index.php\/wp-json\/wp\/v2\/media?parent=178"}],"wp:term":[{"taxonomy":"product_cat","embeddable":true,"href":"https:\/\/estiloclassico.com.br\/index.php\/wp-json\/wp\/v2\/product_cat?post=178"},{"taxonomy":"product_tag","embeddable":true,"href":"https:\/\/estiloclassico.com.br\/index.php\/wp-json\/wp\/v2\/product_tag?post=178"}],"curies":[{"name":"wp","href":"https:\/\/api.w.org\/{rel}","templated":true}]}}