{"id":185,"date":"2023-08-08T20:02:33","date_gmt":"2023-08-08T23:02:33","guid":{"rendered":"https:\/\/estiloclassico.com.br\/index.php\/product\/camiseiro-em-pau-marfim\/"},"modified":"2023-10-11T17:28:41","modified_gmt":"2023-10-11T20:28:41","slug":"camiseiro-em-pau-marfim","status":"publish","type":"product","link":"https:\/\/estiloclassico.com.br\/index.php\/product\/camiseiro-em-pau-marfim\/","title":{"rendered":"Camiseiro em Pau Marfim"},"content":{"rendered":"<p>Camiseiro em pau marfim, estilo contempor\u00e2neo com rod\u00edzios nos p\u00e9s, composto por onze gavetas com corredi\u00e7as, sendo a primeira com frente em r\u00e1dica e fechadura e as outras com frente em acr\u00edlico incolor e puxadores dourados, acompanham dois cabides em pau marfim com metais dourados nas laterais.<\/p>\n<p>A:141cm<br \/>\nL:50cm<br \/>\nC:48cm<\/p>\n<p>Medidas internas das gavetas<\/p>\n<p>A:9<br \/>\nL:44<br \/>\nC:38<\/p>\n","protected":false},"excerpt":{"rendered":"<p>Camiseiro em pau marfim, estilo contempor\u00e2neo com rod\u00edzios nos p\u00e9s, composto por onze gavetas com corredi\u00e7as, sendo a primeira com frente em r\u00e1dica e fechadura e as outras com frente em acr\u00edlico incolor e puxadores dourados, acompanham dois cabides em pau marfim com metais dourados nas laterais. A:141cm L:50cm C:48cm Medidas internas das gavetas A:9 &hellip;<\/p>\n<p class=\"read-more\"> <a class=\"\" href=\"https:\/\/estiloclassico.com.br\/index.php\/product\/camiseiro-em-pau-marfim\/\"> <span class=\"screen-reader-text\">Camiseiro em Pau Marfim<\/span> Leia mais &raquo;<\/a><\/p>\n","protected":false},"featured_media":243,"template":"","meta":{"site-sidebar-layout":"default","site-content-layout":"default","ast-site-content-layout":"default","site-content-style":"default","site-sidebar-style":"default","ast-global-header-display":"","ast-banner-title-visibility":"","ast-main-header-display":"","ast-hfb-above-header-display":"","ast-hfb-below-header-display":"","ast-hfb-mobile-header-display":"","site-post-title":"","ast-breadcrumbs-content":"","ast-featured-img":"","footer-sml-layout":"","theme-transparent-header-meta":"default","adv-header-id-meta":"","stick-header-meta":"","header-above-stick-meta":"","header-main-stick-meta":"","header-below-stick-meta":"","astra-migrate-meta-layouts":"set"},"product_cat":[34],"product_tag":[],"_links":{"self":[{"href":"https:\/\/estiloclassico.com.br\/index.php\/wp-json\/wp\/v2\/product\/185"}],"collection":[{"href":"https:\/\/estiloclassico.com.br\/index.php\/wp-json\/wp\/v2\/product"}],"about":[{"href":"https:\/\/estiloclassico.com.br\/index.php\/wp-json\/wp\/v2\/types\/product"}],"wp:featuredmedia":[{"embeddable":true,"href":"https:\/\/estiloclassico.com.br\/index.php\/wp-json\/wp\/v2\/media\/243"}],"wp:attachment":[{"href":"https:\/\/estiloclassico.com.br\/index.php\/wp-json\/wp\/v2\/media?parent=185"}],"wp:term":[{"taxonomy":"product_cat","embeddable":true,"href":"https:\/\/estiloclassico.com.br\/index.php\/wp-json\/wp\/v2\/product_cat?post=185"},{"taxonomy":"product_tag","embeddable":true,"href":"https:\/\/estiloclassico.com.br\/index.php\/wp-json\/wp\/v2\/product_tag?post=185"}],"curies":[{"name":"wp","href":"https:\/\/api.w.org\/{rel}","templated":true}]}}