{"id":186,"date":"2023-08-08T20:02:35","date_gmt":"2023-08-08T23:02:35","guid":{"rendered":"https:\/\/estiloclassico.com.br\/index.php\/product\/escrivaninha-estilo-ingles\/"},"modified":"2023-10-09T16:05:21","modified_gmt":"2023-10-09T19:05:21","slug":"escrivaninha-estilo-ingles","status":"publish","type":"product","link":"https:\/\/estiloclassico.com.br\/index.php\/product\/escrivaninha-estilo-ingles\/","title":{"rendered":"Escrivaninha Estilo Ingl\u00eas pequena"},"content":{"rendered":"<p>Escrivaninha em mogno estilo ingl\u00eas, com tampo em detalhe embutido em r\u00e1dica de imbuia, possui dois tirantes auxiliadores forrados em couro nas laterais, cinco gavetas, sendo a maior central com chave e quatro menores, puxadores dourados.<\/p>\n<p>A:77<br \/>\nL:60<br \/>\nC:110<\/p>\n","protected":false},"excerpt":{"rendered":"<p>Escrivaninha em mogno estilo ingl\u00eas, com tampo em detalhe embutido em r\u00e1dica de imbuia, possui dois tirantes auxiliadores forrados em couro nas laterais, cinco gavetas, sendo a maior central com chave e quatro menores, puxadores dourados. A:77 L:60 C:110<\/p>\n","protected":false},"featured_media":247,"template":"","meta":{"site-sidebar-layout":"default","site-content-layout":"default","ast-site-content-layout":"default","site-content-style":"default","site-sidebar-style":"default","ast-global-header-display":"","ast-banner-title-visibility":"","ast-main-header-display":"","ast-hfb-above-header-display":"","ast-hfb-below-header-display":"","ast-hfb-mobile-header-display":"","site-post-title":"","ast-breadcrumbs-content":"","ast-featured-img":"","footer-sml-layout":"","theme-transparent-header-meta":"default","adv-header-id-meta":"","stick-header-meta":"","header-above-stick-meta":"","header-main-stick-meta":"","header-below-stick-meta":"","astra-migrate-meta-layouts":"set"},"product_cat":[25],"product_tag":[],"_links":{"self":[{"href":"https:\/\/estiloclassico.com.br\/index.php\/wp-json\/wp\/v2\/product\/186"}],"collection":[{"href":"https:\/\/estiloclassico.com.br\/index.php\/wp-json\/wp\/v2\/product"}],"about":[{"href":"https:\/\/estiloclassico.com.br\/index.php\/wp-json\/wp\/v2\/types\/product"}],"wp:featuredmedia":[{"embeddable":true,"href":"https:\/\/estiloclassico.com.br\/index.php\/wp-json\/wp\/v2\/media\/247"}],"wp:attachment":[{"href":"https:\/\/estiloclassico.com.br\/index.php\/wp-json\/wp\/v2\/media?parent=186"}],"wp:term":[{"taxonomy":"product_cat","embeddable":true,"href":"https:\/\/estiloclassico.com.br\/index.php\/wp-json\/wp\/v2\/product_cat?post=186"},{"taxonomy":"product_tag","embeddable":true,"href":"https:\/\/estiloclassico.com.br\/index.php\/wp-json\/wp\/v2\/product_tag?post=186"}],"curies":[{"name":"wp","href":"https:\/\/api.w.org\/{rel}","templated":true}]}}