{"id":192,"date":"2023-08-08T20:02:42","date_gmt":"2023-08-08T23:02:42","guid":{"rendered":"https:\/\/estiloclassico.com.br\/index.php\/product\/cadeira-com-bracos-luis-xiv-em-imbuia-ii\/"},"modified":"2023-10-11T17:15:41","modified_gmt":"2023-10-11T20:15:41","slug":"cadeira-com-bracos-luis-xiv-em-imbuia-ii","status":"publish","type":"product","link":"https:\/\/estiloclassico.com.br\/index.php\/product\/cadeira-com-bracos-luis-xiv-em-imbuia-ii\/","title":{"rendered":"Cadeira com Bra\u00e7os Luis XIV em Imbuia II"},"content":{"rendered":"<p>Cadeira estilo Lu\u00eds XIV, com bra\u00e7os em imbuia, espaldar alto. Forrada em veludo na cor marsala.<\/p>\n<p>A:110cm<br \/>\nL:64cm<br \/>\nP:62cm<\/p>\n<p>&nbsp;<\/p>\n","protected":false},"excerpt":{"rendered":"<p>Cadeira estilo Lu\u00eds XIV, com bra\u00e7os em imbuia, espaldar alto. Forrada em veludo na cor marsala. A:110cm L:64cm P:62cm &nbsp;<\/p>\n","protected":false},"featured_media":367,"template":"","meta":{"site-sidebar-layout":"default","site-content-layout":"default","ast-site-content-layout":"default","site-content-style":"default","site-sidebar-style":"default","ast-global-header-display":"","ast-banner-title-visibility":"","ast-main-header-display":"","ast-hfb-above-header-display":"","ast-hfb-below-header-display":"","ast-hfb-mobile-header-display":"","site-post-title":"","ast-breadcrumbs-content":"","ast-featured-img":"","footer-sml-layout":"","theme-transparent-header-meta":"default","adv-header-id-meta":"","stick-header-meta":"","header-above-stick-meta":"","header-main-stick-meta":"","header-below-stick-meta":"","astra-migrate-meta-layouts":"set"},"product_cat":[18],"product_tag":[],"_links":{"self":[{"href":"https:\/\/estiloclassico.com.br\/index.php\/wp-json\/wp\/v2\/product\/192"}],"collection":[{"href":"https:\/\/estiloclassico.com.br\/index.php\/wp-json\/wp\/v2\/product"}],"about":[{"href":"https:\/\/estiloclassico.com.br\/index.php\/wp-json\/wp\/v2\/types\/product"}],"wp:featuredmedia":[{"embeddable":true,"href":"https:\/\/estiloclassico.com.br\/index.php\/wp-json\/wp\/v2\/media\/367"}],"wp:attachment":[{"href":"https:\/\/estiloclassico.com.br\/index.php\/wp-json\/wp\/v2\/media?parent=192"}],"wp:term":[{"taxonomy":"product_cat","embeddable":true,"href":"https:\/\/estiloclassico.com.br\/index.php\/wp-json\/wp\/v2\/product_cat?post=192"},{"taxonomy":"product_tag","embeddable":true,"href":"https:\/\/estiloclassico.com.br\/index.php\/wp-json\/wp\/v2\/product_tag?post=192"}],"curies":[{"name":"wp","href":"https:\/\/api.w.org\/{rel}","templated":true}]}}