{"id":418,"date":"2023-08-29T15:59:36","date_gmt":"2023-08-29T18:59:36","guid":{"rendered":"https:\/\/estiloclassico.com.br\/index.php\/product\/aparador-em-perola-do-campo\/"},"modified":"2023-10-11T16:50:12","modified_gmt":"2023-10-11T19:50:12","slug":"aparador-em-perola-do-campo","status":"publish","type":"product","link":"https:\/\/estiloclassico.com.br\/index.php\/product\/aparador-em-perola-do-campo\/","title":{"rendered":"Aparador em Peroba do Campo"},"content":{"rendered":"<p>Aparador em peroba do campo, estilo contempor\u00e2neo com tampo de cristal de 15mm. Possui detalhes em r\u00e1dica clara e escura no tampo e p\u00e9 em r\u00e1dica italiana escura em imbuia. Fixa\u00e7\u00e3o na parede.<\/p>\n<p>A:85cm<br \/>\nL:54cm<br \/>\nC:180cm<\/p>\n","protected":false},"excerpt":{"rendered":"<p>Aparador em peroba do campo, estilo contempor\u00e2neo com tampo de cristal de 15mm. Possui detalhes em r\u00e1dica clara e escura no tampo e p\u00e9 em r\u00e1dica italiana escura em imbuia. Fixa\u00e7\u00e3o na parede. A:85cm L:54cm C:180cm<\/p>\n","protected":false},"featured_media":323,"template":"","meta":{"site-sidebar-layout":"default","site-content-layout":"default","ast-site-content-layout":"default","site-content-style":"default","site-sidebar-style":"default","ast-global-header-display":"","ast-banner-title-visibility":"","ast-main-header-display":"","ast-hfb-above-header-display":"","ast-hfb-below-header-display":"","ast-hfb-mobile-header-display":"","site-post-title":"","ast-breadcrumbs-content":"","ast-featured-img":"","footer-sml-layout":"","theme-transparent-header-meta":"default","adv-header-id-meta":"","stick-header-meta":"","header-above-stick-meta":"","header-main-stick-meta":"","header-below-stick-meta":"","astra-migrate-meta-layouts":"set"},"product_cat":[23],"product_tag":[],"_links":{"self":[{"href":"https:\/\/estiloclassico.com.br\/index.php\/wp-json\/wp\/v2\/product\/418"}],"collection":[{"href":"https:\/\/estiloclassico.com.br\/index.php\/wp-json\/wp\/v2\/product"}],"about":[{"href":"https:\/\/estiloclassico.com.br\/index.php\/wp-json\/wp\/v2\/types\/product"}],"wp:featuredmedia":[{"embeddable":true,"href":"https:\/\/estiloclassico.com.br\/index.php\/wp-json\/wp\/v2\/media\/323"}],"wp:attachment":[{"href":"https:\/\/estiloclassico.com.br\/index.php\/wp-json\/wp\/v2\/media?parent=418"}],"wp:term":[{"taxonomy":"product_cat","embeddable":true,"href":"https:\/\/estiloclassico.com.br\/index.php\/wp-json\/wp\/v2\/product_cat?post=418"},{"taxonomy":"product_tag","embeddable":true,"href":"https:\/\/estiloclassico.com.br\/index.php\/wp-json\/wp\/v2\/product_tag?post=418"}],"curies":[{"name":"wp","href":"https:\/\/api.w.org\/{rel}","templated":true}]}}