{"id":419,"date":"2023-08-29T15:59:38","date_gmt":"2023-08-29T18:59:38","guid":{"rendered":"https:\/\/estiloclassico.com.br\/index.php\/product\/cama-em-pau-marfim\/"},"modified":"2023-10-11T17:19:03","modified_gmt":"2023-10-11T20:19:03","slug":"cama-em-pau-marfim","status":"publish","type":"product","link":"https:\/\/estiloclassico.com.br\/index.php\/product\/cama-em-pau-marfim\/","title":{"rendered":"Cama em Pau M\u00e1rfim"},"content":{"rendered":"<p>Cabeceira em pau marfim, estilo contempor\u00e2neo com espinhado na parte central, detalhe em marchetaria em jacarand\u00e1 na faixa e ligeira curvatura.<br \/>\nBase da cama em pau marfim pra colch\u00e3o de casal, com quatro gavet\u00f5es, sendo dois de cada lado.<\/p>\n<p>Medidas da cabeceira<\/p>\n<p>A:112cm<br \/>\nL:5cm<br \/>\nC:158cm<\/p>\n<p>Medidas da base<\/p>\n<p>A:35cm<br \/>\nL:158cm<br \/>\nC:205cm<\/p>\n<p>Medidas da gavetas<\/p>\n<p>A: 15cm<br \/>\nL:67cm<br \/>\nC:67cm<\/p>\n","protected":false},"excerpt":{"rendered":"<p>Cabeceira em pau marfim, estilo contempor\u00e2neo com espinhado na parte central, detalhe em marchetaria em jacarand\u00e1 na faixa e ligeira curvatura. Base da cama em pau marfim pra colch\u00e3o de casal, com quatro gavet\u00f5es, sendo dois de cada lado. Medidas da cabeceira A:112cm L:5cm C:158cm Medidas da base A:35cm L:158cm C:205cm Medidas da gavetas A: &hellip;<\/p>\n<p class=\"read-more\"> <a class=\"\" href=\"https:\/\/estiloclassico.com.br\/index.php\/product\/cama-em-pau-marfim\/\"> <span class=\"screen-reader-text\">Cama em Pau M\u00e1rfim<\/span> Leia mais &raquo;<\/a><\/p>\n","protected":false},"featured_media":382,"template":"","meta":{"site-sidebar-layout":"default","site-content-layout":"default","ast-site-content-layout":"default","site-content-style":"default","site-sidebar-style":"default","ast-global-header-display":"","ast-banner-title-visibility":"","ast-main-header-display":"","ast-hfb-above-header-display":"","ast-hfb-below-header-display":"","ast-hfb-mobile-header-display":"","site-post-title":"","ast-breadcrumbs-content":"","ast-featured-img":"","footer-sml-layout":"","theme-transparent-header-meta":"default","adv-header-id-meta":"","stick-header-meta":"","header-above-stick-meta":"","header-main-stick-meta":"","header-below-stick-meta":"","astra-migrate-meta-layouts":"set"},"product_cat":[45],"product_tag":[],"_links":{"self":[{"href":"https:\/\/estiloclassico.com.br\/index.php\/wp-json\/wp\/v2\/product\/419"}],"collection":[{"href":"https:\/\/estiloclassico.com.br\/index.php\/wp-json\/wp\/v2\/product"}],"about":[{"href":"https:\/\/estiloclassico.com.br\/index.php\/wp-json\/wp\/v2\/types\/product"}],"wp:featuredmedia":[{"embeddable":true,"href":"https:\/\/estiloclassico.com.br\/index.php\/wp-json\/wp\/v2\/media\/382"}],"wp:attachment":[{"href":"https:\/\/estiloclassico.com.br\/index.php\/wp-json\/wp\/v2\/media?parent=419"}],"wp:term":[{"taxonomy":"product_cat","embeddable":true,"href":"https:\/\/estiloclassico.com.br\/index.php\/wp-json\/wp\/v2\/product_cat?post=419"},{"taxonomy":"product_tag","embeddable":true,"href":"https:\/\/estiloclassico.com.br\/index.php\/wp-json\/wp\/v2\/product_tag?post=419"}],"curies":[{"name":"wp","href":"https:\/\/api.w.org\/{rel}","templated":true}]}}