{"id":420,"date":"2023-08-29T15:59:40","date_gmt":"2023-08-29T18:59:40","guid":{"rendered":"https:\/\/estiloclassico.com.br\/index.php\/product\/cama-em-radica-italiana\/"},"modified":"2023-10-11T17:18:26","modified_gmt":"2023-10-11T20:18:26","slug":"cama-em-radica-italiana","status":"publish","type":"product","link":"https:\/\/estiloclassico.com.br\/index.php\/product\/cama-em-radica-italiana\/","title":{"rendered":"Cama em R\u00e1dica Italiana"},"content":{"rendered":"<p>Cabeceira em pau marfim, estilo contempor\u00e2neo, com molduras e r\u00e1dica italiana no centro e ao alto tubo em pau marfim com tr\u00eas suportes em metal dourado.<br \/>\nBase da cama em pau marfim para colch\u00e3o de casal, com quatro gavet\u00f5es sendo dois em cada lado.<\/p>\n<p>&nbsp;<\/p>\n<p>Medidas da cabeceira<br \/>\nA:112cm<br \/>\nL:5cm<br \/>\nC:146cm<\/p>\n<p>Medidas da base<\/p>\n<p>A:35cm<br \/>\nL:146cm<br \/>\nC:200cm<\/p>\n<p>Medidas das gavetas<\/p>\n<p>A:15cm<br \/>\nL:67 cm<br \/>\nC:67cm<\/p>\n","protected":false},"excerpt":{"rendered":"<p>Cabeceira em pau marfim, estilo contempor\u00e2neo, com molduras e r\u00e1dica italiana no centro e ao alto tubo em pau marfim com tr\u00eas suportes em metal dourado. Base da cama em pau marfim para colch\u00e3o de casal, com quatro gavet\u00f5es sendo dois em cada lado. &nbsp; Medidas da cabeceira A:112cm L:5cm C:146cm Medidas da base A:35cm &hellip;<\/p>\n<p class=\"read-more\"> <a class=\"\" href=\"https:\/\/estiloclassico.com.br\/index.php\/product\/cama-em-radica-italiana\/\"> <span class=\"screen-reader-text\">Cama em R\u00e1dica Italiana<\/span> Leia mais &raquo;<\/a><\/p>\n","protected":false},"featured_media":311,"template":"","meta":{"site-sidebar-layout":"default","site-content-layout":"default","ast-site-content-layout":"default","site-content-style":"default","site-sidebar-style":"default","ast-global-header-display":"","ast-banner-title-visibility":"","ast-main-header-display":"","ast-hfb-above-header-display":"","ast-hfb-below-header-display":"","ast-hfb-mobile-header-display":"","site-post-title":"","ast-breadcrumbs-content":"","ast-featured-img":"","footer-sml-layout":"","theme-transparent-header-meta":"default","adv-header-id-meta":"","stick-header-meta":"","header-above-stick-meta":"","header-main-stick-meta":"","header-below-stick-meta":"","astra-migrate-meta-layouts":"set"},"product_cat":[45],"product_tag":[],"_links":{"self":[{"href":"https:\/\/estiloclassico.com.br\/index.php\/wp-json\/wp\/v2\/product\/420"}],"collection":[{"href":"https:\/\/estiloclassico.com.br\/index.php\/wp-json\/wp\/v2\/product"}],"about":[{"href":"https:\/\/estiloclassico.com.br\/index.php\/wp-json\/wp\/v2\/types\/product"}],"wp:featuredmedia":[{"embeddable":true,"href":"https:\/\/estiloclassico.com.br\/index.php\/wp-json\/wp\/v2\/media\/311"}],"wp:attachment":[{"href":"https:\/\/estiloclassico.com.br\/index.php\/wp-json\/wp\/v2\/media?parent=420"}],"wp:term":[{"taxonomy":"product_cat","embeddable":true,"href":"https:\/\/estiloclassico.com.br\/index.php\/wp-json\/wp\/v2\/product_cat?post=420"},{"taxonomy":"product_tag","embeddable":true,"href":"https:\/\/estiloclassico.com.br\/index.php\/wp-json\/wp\/v2\/product_tag?post=420"}],"curies":[{"name":"wp","href":"https:\/\/api.w.org\/{rel}","templated":true}]}}