{"id":426,"date":"2023-08-29T15:59:50","date_gmt":"2023-08-29T18:59:50","guid":{"rendered":"https:\/\/estiloclassico.com.br\/index.php\/product\/aparador-em-patina\/"},"modified":"2023-10-11T16:49:45","modified_gmt":"2023-10-11T19:49:45","slug":"aparador-em-patina","status":"publish","type":"product","link":"https:\/\/estiloclassico.com.br\/index.php\/product\/aparador-em-patina\/","title":{"rendered":"Aparador em P\u00e1tina"},"content":{"rendered":"<p>Aparador em p\u00e1tina, estilo contempor\u00e2neo.<\/p>\n<p>A:90cm<br \/>\nL:30cm<br \/>\nC:177cm<\/p>\n","protected":false},"excerpt":{"rendered":"<p>Aparador em p\u00e1tina, estilo contempor\u00e2neo. A:90cm L:30cm C:177cm<\/p>\n","protected":false},"featured_media":318,"template":"","meta":{"site-sidebar-layout":"default","site-content-layout":"default","ast-site-content-layout":"default","site-content-style":"default","site-sidebar-style":"default","ast-global-header-display":"","ast-banner-title-visibility":"","ast-main-header-display":"","ast-hfb-above-header-display":"","ast-hfb-below-header-display":"","ast-hfb-mobile-header-display":"","site-post-title":"","ast-breadcrumbs-content":"","ast-featured-img":"","footer-sml-layout":"","theme-transparent-header-meta":"default","adv-header-id-meta":"","stick-header-meta":"","header-above-stick-meta":"","header-main-stick-meta":"","header-below-stick-meta":"","astra-migrate-meta-layouts":"set"},"product_cat":[23],"product_tag":[],"_links":{"self":[{"href":"https:\/\/estiloclassico.com.br\/index.php\/wp-json\/wp\/v2\/product\/426"}],"collection":[{"href":"https:\/\/estiloclassico.com.br\/index.php\/wp-json\/wp\/v2\/product"}],"about":[{"href":"https:\/\/estiloclassico.com.br\/index.php\/wp-json\/wp\/v2\/types\/product"}],"wp:featuredmedia":[{"embeddable":true,"href":"https:\/\/estiloclassico.com.br\/index.php\/wp-json\/wp\/v2\/media\/318"}],"wp:attachment":[{"href":"https:\/\/estiloclassico.com.br\/index.php\/wp-json\/wp\/v2\/media?parent=426"}],"wp:term":[{"taxonomy":"product_cat","embeddable":true,"href":"https:\/\/estiloclassico.com.br\/index.php\/wp-json\/wp\/v2\/product_cat?post=426"},{"taxonomy":"product_tag","embeddable":true,"href":"https:\/\/estiloclassico.com.br\/index.php\/wp-json\/wp\/v2\/product_tag?post=426"}],"curies":[{"name":"wp","href":"https:\/\/api.w.org\/{rel}","templated":true}]}}