{"id":427,"date":"2023-08-29T15:59:51","date_gmt":"2023-08-29T18:59:51","guid":{"rendered":"https:\/\/estiloclassico.com.br\/index.php\/product\/mesa-de-jantar-estilo-chines\/"},"modified":"2023-10-04T18:02:06","modified_gmt":"2023-10-04T21:02:06","slug":"mesa-de-jantar-estilo-chines","status":"publish","type":"product","link":"https:\/\/estiloclassico.com.br\/index.php\/product\/mesa-de-jantar-estilo-chines\/","title":{"rendered":"Mesa de Jantar Estilo Chin\u00eas"},"content":{"rendered":"<p>Mesa de jantar estilo chin\u00eas, com tampo de vidro em mogno, estilo chin\u00eas, com tampo de vidro.<\/p>\n<p>A:77<br \/>\nL:90<br \/>\nC:180<\/p>\n","protected":false},"excerpt":{"rendered":"<p>Mesa de jantar estilo chin\u00eas, com tampo de vidro em mogno, estilo chin\u00eas, com tampo de vidro. A:77 L:90 C:180<\/p>\n","protected":false},"featured_media":326,"template":"","meta":{"site-sidebar-layout":"default","site-content-layout":"default","ast-site-content-layout":"","site-content-style":"default","site-sidebar-style":"default","ast-global-header-display":"","ast-banner-title-visibility":"","ast-main-header-display":"","ast-hfb-above-header-display":"","ast-hfb-below-header-display":"","ast-hfb-mobile-header-display":"","site-post-title":"","ast-breadcrumbs-content":"","ast-featured-img":"","footer-sml-layout":"","theme-transparent-header-meta":"default","adv-header-id-meta":"","stick-header-meta":"","header-above-stick-meta":"","header-main-stick-meta":"","header-below-stick-meta":"","astra-migrate-meta-layouts":""},"product_cat":[20,36],"product_tag":[],"_links":{"self":[{"href":"https:\/\/estiloclassico.com.br\/index.php\/wp-json\/wp\/v2\/product\/427"}],"collection":[{"href":"https:\/\/estiloclassico.com.br\/index.php\/wp-json\/wp\/v2\/product"}],"about":[{"href":"https:\/\/estiloclassico.com.br\/index.php\/wp-json\/wp\/v2\/types\/product"}],"wp:featuredmedia":[{"embeddable":true,"href":"https:\/\/estiloclassico.com.br\/index.php\/wp-json\/wp\/v2\/media\/326"}],"wp:attachment":[{"href":"https:\/\/estiloclassico.com.br\/index.php\/wp-json\/wp\/v2\/media?parent=427"}],"wp:term":[{"taxonomy":"product_cat","embeddable":true,"href":"https:\/\/estiloclassico.com.br\/index.php\/wp-json\/wp\/v2\/product_cat?post=427"},{"taxonomy":"product_tag","embeddable":true,"href":"https:\/\/estiloclassico.com.br\/index.php\/wp-json\/wp\/v2\/product_tag?post=427"}],"curies":[{"name":"wp","href":"https:\/\/api.w.org\/{rel}","templated":true}]}}