{"id":428,"date":"2023-08-29T15:59:54","date_gmt":"2023-08-29T18:59:54","guid":{"rendered":"https:\/\/estiloclassico.com.br\/index.php\/product\/movel-bar-em-mogno\/"},"modified":"2023-10-09T17:59:07","modified_gmt":"2023-10-09T20:59:07","slug":"movel-bar-em-mogno","status":"publish","type":"product","link":"https:\/\/estiloclassico.com.br\/index.php\/product\/movel-bar-em-mogno\/","title":{"rendered":"M\u00f3vel\/ Bar em Mogno"},"content":{"rendered":"<p>M\u00f3vel\/bar em mogno, estilo ingl\u00eas, com portas com detalhes espinhado. Parte interna superior espelhada nas laterais, parte inferior e superior e costas com duas prateleiras em cristal. Possui apoio imbu\u00eddo forrado em f\u00f3rmica preta. Parte interna inferior forrada em f\u00f3rmica preta e com uma prateleira.<\/p>\n<p>A:166<br \/>\nL:51<br \/>\nC:120<\/p>\n","protected":false},"excerpt":{"rendered":"<p>M\u00f3vel\/bar em mogno, estilo ingl\u00eas, com portas com detalhes espinhado. Parte interna superior espelhada nas laterais, parte inferior e superior e costas com duas prateleiras em cristal. Possui apoio imbu\u00eddo forrado em f\u00f3rmica preta. Parte interna inferior forrada em f\u00f3rmica preta e com uma prateleira. A:166 L:51 C:120<\/p>\n","protected":false},"featured_media":306,"template":"","meta":{"site-sidebar-layout":"default","site-content-layout":"default","ast-site-content-layout":"default","site-content-style":"default","site-sidebar-style":"default","ast-global-header-display":"","ast-banner-title-visibility":"","ast-main-header-display":"","ast-hfb-above-header-display":"","ast-hfb-below-header-display":"","ast-hfb-mobile-header-display":"","site-post-title":"","ast-breadcrumbs-content":"","ast-featured-img":"","footer-sml-layout":"","theme-transparent-header-meta":"default","adv-header-id-meta":"","stick-header-meta":"","header-above-stick-meta":"","header-main-stick-meta":"","header-below-stick-meta":"","astra-migrate-meta-layouts":"set"},"product_cat":[27],"product_tag":[],"_links":{"self":[{"href":"https:\/\/estiloclassico.com.br\/index.php\/wp-json\/wp\/v2\/product\/428"}],"collection":[{"href":"https:\/\/estiloclassico.com.br\/index.php\/wp-json\/wp\/v2\/product"}],"about":[{"href":"https:\/\/estiloclassico.com.br\/index.php\/wp-json\/wp\/v2\/types\/product"}],"wp:featuredmedia":[{"embeddable":true,"href":"https:\/\/estiloclassico.com.br\/index.php\/wp-json\/wp\/v2\/media\/306"}],"wp:attachment":[{"href":"https:\/\/estiloclassico.com.br\/index.php\/wp-json\/wp\/v2\/media?parent=428"}],"wp:term":[{"taxonomy":"product_cat","embeddable":true,"href":"https:\/\/estiloclassico.com.br\/index.php\/wp-json\/wp\/v2\/product_cat?post=428"},{"taxonomy":"product_tag","embeddable":true,"href":"https:\/\/estiloclassico.com.br\/index.php\/wp-json\/wp\/v2\/product_tag?post=428"}],"curies":[{"name":"wp","href":"https:\/\/api.w.org\/{rel}","templated":true}]}}