{"id":430,"date":"2023-08-29T15:59:57","date_gmt":"2023-08-29T18:59:57","guid":{"rendered":"https:\/\/estiloclassico.com.br\/index.php\/product\/cadeira-espelhada-alto-luis-xvi\/"},"modified":"2023-10-11T17:12:02","modified_gmt":"2023-10-11T20:12:02","slug":"cadeira-espelhada-alto-luis-xvi","status":"publish","type":"product","link":"https:\/\/estiloclassico.com.br\/index.php\/product\/cadeira-espelhada-alto-luis-xvi\/","title":{"rendered":"Cadeira Espaldar Alto Lu\u00eds XV"},"content":{"rendered":"<p>Cadeira em mogno com bra\u00e7os, espaldar alto estilo Lu\u00eds XV. Forrada em tecido com tons marrons.<\/p>\n<p>A:113cm<br \/>\nL:60cm<br \/>\nP:53cm<\/p>\n","protected":false},"excerpt":{"rendered":"<p>Cadeira em mogno com bra\u00e7os, espaldar alto estilo Lu\u00eds XV. Forrada em tecido com tons marrons. A:113cm L:60cm P:53cm<\/p>\n","protected":false},"featured_media":352,"template":"","meta":{"site-sidebar-layout":"default","site-content-layout":"default","ast-site-content-layout":"default","site-content-style":"default","site-sidebar-style":"default","ast-global-header-display":"","ast-banner-title-visibility":"","ast-main-header-display":"","ast-hfb-above-header-display":"","ast-hfb-below-header-display":"","ast-hfb-mobile-header-display":"","site-post-title":"","ast-breadcrumbs-content":"","ast-featured-img":"","footer-sml-layout":"","theme-transparent-header-meta":"default","adv-header-id-meta":"","stick-header-meta":"","header-above-stick-meta":"","header-main-stick-meta":"","header-below-stick-meta":"","astra-migrate-meta-layouts":"set"},"product_cat":[18],"product_tag":[],"_links":{"self":[{"href":"https:\/\/estiloclassico.com.br\/index.php\/wp-json\/wp\/v2\/product\/430"}],"collection":[{"href":"https:\/\/estiloclassico.com.br\/index.php\/wp-json\/wp\/v2\/product"}],"about":[{"href":"https:\/\/estiloclassico.com.br\/index.php\/wp-json\/wp\/v2\/types\/product"}],"wp:featuredmedia":[{"embeddable":true,"href":"https:\/\/estiloclassico.com.br\/index.php\/wp-json\/wp\/v2\/media\/352"}],"wp:attachment":[{"href":"https:\/\/estiloclassico.com.br\/index.php\/wp-json\/wp\/v2\/media?parent=430"}],"wp:term":[{"taxonomy":"product_cat","embeddable":true,"href":"https:\/\/estiloclassico.com.br\/index.php\/wp-json\/wp\/v2\/product_cat?post=430"},{"taxonomy":"product_tag","embeddable":true,"href":"https:\/\/estiloclassico.com.br\/index.php\/wp-json\/wp\/v2\/product_tag?post=430"}],"curies":[{"name":"wp","href":"https:\/\/api.w.org\/{rel}","templated":true}]}}