{"id":432,"date":"2023-08-29T16:00:01","date_gmt":"2023-08-29T19:00:01","guid":{"rendered":"https:\/\/estiloclassico.com.br\/index.php\/product\/cadeira-com-bracos-luis-xvi-em-imbuia\/"},"modified":"2023-10-11T17:11:44","modified_gmt":"2023-10-11T20:11:44","slug":"cadeira-com-bracos-luis-xvi-em-imbuia","status":"publish","type":"product","link":"https:\/\/estiloclassico.com.br\/index.php\/product\/cadeira-com-bracos-luis-xvi-em-imbuia\/","title":{"rendered":"Cadeira com Bra\u00e7os Luis XIV em Imbuia"},"content":{"rendered":"<p>Cadeira em imbuia com bra\u00e7os, espaldar alto, eleito Lu\u00eds XIV. Forrada em veludo cotel\u00ea na cor telha, com detalhes com tachas nas laterais do encosto e na parte inferior do assento.<\/p>\n<p>A:110cm<br \/>\nL:58cm<br \/>\nO:53cm<\/p>\n","protected":false},"excerpt":{"rendered":"<p>Cadeira em imbuia com bra\u00e7os, espaldar alto, eleito Lu\u00eds XIV. Forrada em veludo cotel\u00ea na cor telha, com detalhes com tachas nas laterais do encosto e na parte inferior do assento. A:110cm L:58cm O:53cm<\/p>\n","protected":false},"featured_media":354,"template":"","meta":{"site-sidebar-layout":"default","site-content-layout":"default","ast-site-content-layout":"default","site-content-style":"default","site-sidebar-style":"default","ast-global-header-display":"","ast-banner-title-visibility":"","ast-main-header-display":"","ast-hfb-above-header-display":"","ast-hfb-below-header-display":"","ast-hfb-mobile-header-display":"","site-post-title":"","ast-breadcrumbs-content":"","ast-featured-img":"","footer-sml-layout":"","theme-transparent-header-meta":"default","adv-header-id-meta":"","stick-header-meta":"","header-above-stick-meta":"","header-main-stick-meta":"","header-below-stick-meta":"","astra-migrate-meta-layouts":"set"},"product_cat":[18],"product_tag":[],"_links":{"self":[{"href":"https:\/\/estiloclassico.com.br\/index.php\/wp-json\/wp\/v2\/product\/432"}],"collection":[{"href":"https:\/\/estiloclassico.com.br\/index.php\/wp-json\/wp\/v2\/product"}],"about":[{"href":"https:\/\/estiloclassico.com.br\/index.php\/wp-json\/wp\/v2\/types\/product"}],"wp:featuredmedia":[{"embeddable":true,"href":"https:\/\/estiloclassico.com.br\/index.php\/wp-json\/wp\/v2\/media\/354"}],"wp:attachment":[{"href":"https:\/\/estiloclassico.com.br\/index.php\/wp-json\/wp\/v2\/media?parent=432"}],"wp:term":[{"taxonomy":"product_cat","embeddable":true,"href":"https:\/\/estiloclassico.com.br\/index.php\/wp-json\/wp\/v2\/product_cat?post=432"},{"taxonomy":"product_tag","embeddable":true,"href":"https:\/\/estiloclassico.com.br\/index.php\/wp-json\/wp\/v2\/product_tag?post=432"}],"curies":[{"name":"wp","href":"https:\/\/api.w.org\/{rel}","templated":true}]}}