{"id":439,"date":"2023-08-29T16:00:15","date_gmt":"2023-08-29T19:00:15","guid":{"rendered":"https:\/\/estiloclassico.com.br\/index.php\/product\/cadeira-com-bracos-luis-xvi-mogno\/"},"modified":"2023-10-11T17:07:39","modified_gmt":"2023-10-11T20:07:39","slug":"cadeira-com-bracos-luis-xvi-mogno","status":"publish","type":"product","link":"https:\/\/estiloclassico.com.br\/index.php\/product\/cadeira-com-bracos-luis-xvi-mogno\/","title":{"rendered":"Cadeira com Bra\u00e7os Luis XVI Mogno"},"content":{"rendered":"<p>Cadeira com bra\u00e7os em mogno, estilo Lu\u00eds XVI, com p\u00e9 torneados. Forrada em tecido floral.<\/p>\n<p>A:84cm<br \/>\nL:57cm<br \/>\nP:49cm<\/p>\n","protected":false},"excerpt":{"rendered":"<p>Cadeira com bra\u00e7os em mogno, estilo Lu\u00eds XVI, com p\u00e9 torneados. Forrada em tecido floral. A:84cm L:57cm P:49cm<\/p>\n","protected":false},"featured_media":362,"template":"","meta":{"site-sidebar-layout":"default","site-content-layout":"default","ast-site-content-layout":"default","site-content-style":"default","site-sidebar-style":"default","ast-global-header-display":"","ast-banner-title-visibility":"","ast-main-header-display":"","ast-hfb-above-header-display":"","ast-hfb-below-header-display":"","ast-hfb-mobile-header-display":"","site-post-title":"","ast-breadcrumbs-content":"","ast-featured-img":"","footer-sml-layout":"","theme-transparent-header-meta":"default","adv-header-id-meta":"","stick-header-meta":"","header-above-stick-meta":"","header-main-stick-meta":"","header-below-stick-meta":"","astra-migrate-meta-layouts":"set"},"product_cat":[18],"product_tag":[],"_links":{"self":[{"href":"https:\/\/estiloclassico.com.br\/index.php\/wp-json\/wp\/v2\/product\/439"}],"collection":[{"href":"https:\/\/estiloclassico.com.br\/index.php\/wp-json\/wp\/v2\/product"}],"about":[{"href":"https:\/\/estiloclassico.com.br\/index.php\/wp-json\/wp\/v2\/types\/product"}],"wp:featuredmedia":[{"embeddable":true,"href":"https:\/\/estiloclassico.com.br\/index.php\/wp-json\/wp\/v2\/media\/362"}],"wp:attachment":[{"href":"https:\/\/estiloclassico.com.br\/index.php\/wp-json\/wp\/v2\/media?parent=439"}],"wp:term":[{"taxonomy":"product_cat","embeddable":true,"href":"https:\/\/estiloclassico.com.br\/index.php\/wp-json\/wp\/v2\/product_cat?post=439"},{"taxonomy":"product_tag","embeddable":true,"href":"https:\/\/estiloclassico.com.br\/index.php\/wp-json\/wp\/v2\/product_tag?post=439"}],"curies":[{"name":"wp","href":"https:\/\/api.w.org\/{rel}","templated":true}]}}