{"id":440,"date":"2023-08-29T16:00:17","date_gmt":"2023-08-29T19:00:17","guid":{"rendered":"https:\/\/estiloclassico.com.br\/index.php\/product\/poltrona-boneca-com-bracos-patina\/"},"modified":"2023-08-30T17:10:48","modified_gmt":"2023-08-30T20:10:48","slug":"poltrona-boneca-com-bracos-patina","status":"publish","type":"product","link":"https:\/\/estiloclassico.com.br\/index.php\/product\/poltrona-boneca-com-bracos-patina\/","title":{"rendered":"Poltrona Boneca com Bra\u00e7os P\u00e1tina"},"content":{"rendered":"<p>Poltrona boneca com bra\u00e7os, estilo Lu\u00eds XV, em p\u00e1tina. Forrada em tecido e Ideal para o quarto.<\/p>\n<p>&nbsp;<\/p>\n<p>A:74<br \/>\nL:57<br \/>\nP:49<\/p>\n","protected":false},"excerpt":{"rendered":"<p>Poltrona boneca com bra\u00e7os, estilo Lu\u00eds XV, em p\u00e1tina. Forrada em tecido e Ideal para o quarto. &nbsp; A:74 L:57 P:49<\/p>\n","protected":false},"featured_media":375,"template":"","meta":{"site-sidebar-layout":"default","site-content-layout":"default","ast-site-content-layout":"","site-content-style":"default","site-sidebar-style":"default","ast-global-header-display":"","ast-banner-title-visibility":"","ast-main-header-display":"","ast-hfb-above-header-display":"","ast-hfb-below-header-display":"","ast-hfb-mobile-header-display":"","site-post-title":"","ast-breadcrumbs-content":"","ast-featured-img":"","footer-sml-layout":"","theme-transparent-header-meta":"default","adv-header-id-meta":"","stick-header-meta":"","header-above-stick-meta":"","header-main-stick-meta":"","header-below-stick-meta":"","astra-migrate-meta-layouts":""},"product_cat":[17],"product_tag":[],"_links":{"self":[{"href":"https:\/\/estiloclassico.com.br\/index.php\/wp-json\/wp\/v2\/product\/440"}],"collection":[{"href":"https:\/\/estiloclassico.com.br\/index.php\/wp-json\/wp\/v2\/product"}],"about":[{"href":"https:\/\/estiloclassico.com.br\/index.php\/wp-json\/wp\/v2\/types\/product"}],"wp:featuredmedia":[{"embeddable":true,"href":"https:\/\/estiloclassico.com.br\/index.php\/wp-json\/wp\/v2\/media\/375"}],"wp:attachment":[{"href":"https:\/\/estiloclassico.com.br\/index.php\/wp-json\/wp\/v2\/media?parent=440"}],"wp:term":[{"taxonomy":"product_cat","embeddable":true,"href":"https:\/\/estiloclassico.com.br\/index.php\/wp-json\/wp\/v2\/product_cat?post=440"},{"taxonomy":"product_tag","embeddable":true,"href":"https:\/\/estiloclassico.com.br\/index.php\/wp-json\/wp\/v2\/product_tag?post=440"}],"curies":[{"name":"wp","href":"https:\/\/api.w.org\/{rel}","templated":true}]}}