{"id":479,"date":"2023-08-30T16:29:21","date_gmt":"2023-08-30T19:29:21","guid":{"rendered":"https:\/\/estiloclassico.com.br\/?post_type=product&#038;p=479"},"modified":"2023-10-11T17:07:20","modified_gmt":"2023-10-11T20:07:20","slug":"cadeira-com-bracos-luis-xv-em-patina-francesa","status":"publish","type":"product","link":"https:\/\/estiloclassico.com.br\/index.php\/product\/cadeira-com-bracos-luis-xv-em-patina-francesa\/","title":{"rendered":"Cadeira com bra\u00e7os  Luis XV em p\u00e1tina francesa"},"content":{"rendered":"<p>Cadeira com bra\u00e7os em cerejeira, estilo Lu\u00eds XV. Pintura em p\u00e1tina francesa.<\/p>\n<p>A:84cm<br \/>\nL:62cm<br \/>\nP:55cm<\/p>\n","protected":false},"excerpt":{"rendered":"<p>Cadeira com bra\u00e7os em cerejeira, estilo Lu\u00eds XV. Pintura em p\u00e1tina francesa. A:84cm L:62cm P:55cm<\/p>\n","protected":false},"featured_media":368,"template":"","meta":{"site-sidebar-layout":"default","site-content-layout":"default","ast-site-content-layout":"default","site-content-style":"default","site-sidebar-style":"default","ast-global-header-display":"","ast-banner-title-visibility":"","ast-main-header-display":"","ast-hfb-above-header-display":"","ast-hfb-below-header-display":"","ast-hfb-mobile-header-display":"","site-post-title":"","ast-breadcrumbs-content":"","ast-featured-img":"","footer-sml-layout":"","theme-transparent-header-meta":"default","adv-header-id-meta":"","stick-header-meta":"","header-above-stick-meta":"","header-main-stick-meta":"","header-below-stick-meta":"","astra-migrate-meta-layouts":"set"},"product_cat":[18],"product_tag":[],"_links":{"self":[{"href":"https:\/\/estiloclassico.com.br\/index.php\/wp-json\/wp\/v2\/product\/479"}],"collection":[{"href":"https:\/\/estiloclassico.com.br\/index.php\/wp-json\/wp\/v2\/product"}],"about":[{"href":"https:\/\/estiloclassico.com.br\/index.php\/wp-json\/wp\/v2\/types\/product"}],"wp:featuredmedia":[{"embeddable":true,"href":"https:\/\/estiloclassico.com.br\/index.php\/wp-json\/wp\/v2\/media\/368"}],"wp:attachment":[{"href":"https:\/\/estiloclassico.com.br\/index.php\/wp-json\/wp\/v2\/media?parent=479"}],"wp:term":[{"taxonomy":"product_cat","embeddable":true,"href":"https:\/\/estiloclassico.com.br\/index.php\/wp-json\/wp\/v2\/product_cat?post=479"},{"taxonomy":"product_tag","embeddable":true,"href":"https:\/\/estiloclassico.com.br\/index.php\/wp-json\/wp\/v2\/product_tag?post=479"}],"curies":[{"name":"wp","href":"https:\/\/api.w.org\/{rel}","templated":true}]}}