{"id":482,"date":"2023-08-30T16:42:01","date_gmt":"2023-08-30T19:42:01","guid":{"rendered":"https:\/\/estiloclassico.com.br\/?post_type=product&#038;p=482"},"modified":"2023-09-06T17:02:10","modified_gmt":"2023-09-06T20:02:10","slug":"poltrona-luis-xvi-europa-em-jacaranda","status":"publish","type":"product","link":"https:\/\/estiloclassico.com.br\/index.php\/product\/poltrona-luis-xvi-europa-em-jacaranda\/","title":{"rendered":"Poltrona Lu\u00eds XVI Europa em jacarand\u00e1"},"content":{"rendered":"<p>Poltrona Lu\u00eds XVI Europa em jacarand\u00e1. Forrada em tecido listrado.<\/p>\n<p>&nbsp;<\/p>\n<p>A:92<br \/>\nL:62<br \/>\nP:63<\/p>\n","protected":false},"excerpt":{"rendered":"<p>Poltrona Lu\u00eds XVI Europa em jacarand\u00e1. Forrada em tecido listrado. &nbsp; A:92 L:62 P:63<\/p>\n","protected":false},"featured_media":377,"template":"","meta":{"site-sidebar-layout":"default","site-content-layout":"default","ast-site-content-layout":"","site-content-style":"default","site-sidebar-style":"default","ast-global-header-display":"","ast-banner-title-visibility":"","ast-main-header-display":"","ast-hfb-above-header-display":"","ast-hfb-below-header-display":"","ast-hfb-mobile-header-display":"","site-post-title":"","ast-breadcrumbs-content":"","ast-featured-img":"","footer-sml-layout":"","theme-transparent-header-meta":"default","adv-header-id-meta":"","stick-header-meta":"","header-above-stick-meta":"","header-main-stick-meta":"","header-below-stick-meta":"","astra-migrate-meta-layouts":""},"product_cat":[17],"product_tag":[],"_links":{"self":[{"href":"https:\/\/estiloclassico.com.br\/index.php\/wp-json\/wp\/v2\/product\/482"}],"collection":[{"href":"https:\/\/estiloclassico.com.br\/index.php\/wp-json\/wp\/v2\/product"}],"about":[{"href":"https:\/\/estiloclassico.com.br\/index.php\/wp-json\/wp\/v2\/types\/product"}],"wp:featuredmedia":[{"embeddable":true,"href":"https:\/\/estiloclassico.com.br\/index.php\/wp-json\/wp\/v2\/media\/377"}],"wp:attachment":[{"href":"https:\/\/estiloclassico.com.br\/index.php\/wp-json\/wp\/v2\/media?parent=482"}],"wp:term":[{"taxonomy":"product_cat","embeddable":true,"href":"https:\/\/estiloclassico.com.br\/index.php\/wp-json\/wp\/v2\/product_cat?post=482"},{"taxonomy":"product_tag","embeddable":true,"href":"https:\/\/estiloclassico.com.br\/index.php\/wp-json\/wp\/v2\/product_tag?post=482"}],"curies":[{"name":"wp","href":"https:\/\/api.w.org\/{rel}","templated":true}]}}