{"id":483,"date":"2023-08-30T16:46:30","date_gmt":"2023-08-30T19:46:30","guid":{"rendered":"https:\/\/estiloclassico.com.br\/?post_type=product&#038;p=483"},"modified":"2023-09-06T17:02:32","modified_gmt":"2023-09-06T20:02:32","slug":"poltrona-em-bergere-luis-xvi","status":"publish","type":"product","link":"https:\/\/estiloclassico.com.br\/index.php\/product\/poltrona-em-bergere-luis-xvi\/","title":{"rendered":"Poltrona em Berg\u00e8re Lu\u00eds XVI"},"content":{"rendered":"<p>Poltrona berg\u00e8re Lu\u00eds XVI em jacarand\u00e1. Forrada em tecido verde.<\/p>\n<p>A:89<br \/>\nL:60<br \/>\nP:53<\/p>\n","protected":false},"excerpt":{"rendered":"<p>Poltrona berg\u00e8re Lu\u00eds XVI em jacarand\u00e1. Forrada em tecido verde. A:89 L:60 P:53<\/p>\n","protected":false},"featured_media":378,"template":"","meta":{"site-sidebar-layout":"default","site-content-layout":"default","ast-site-content-layout":"","site-content-style":"default","site-sidebar-style":"default","ast-global-header-display":"","ast-banner-title-visibility":"","ast-main-header-display":"","ast-hfb-above-header-display":"","ast-hfb-below-header-display":"","ast-hfb-mobile-header-display":"","site-post-title":"","ast-breadcrumbs-content":"","ast-featured-img":"","footer-sml-layout":"","theme-transparent-header-meta":"default","adv-header-id-meta":"","stick-header-meta":"","header-above-stick-meta":"","header-main-stick-meta":"","header-below-stick-meta":"","astra-migrate-meta-layouts":""},"product_cat":[17],"product_tag":[],"_links":{"self":[{"href":"https:\/\/estiloclassico.com.br\/index.php\/wp-json\/wp\/v2\/product\/483"}],"collection":[{"href":"https:\/\/estiloclassico.com.br\/index.php\/wp-json\/wp\/v2\/product"}],"about":[{"href":"https:\/\/estiloclassico.com.br\/index.php\/wp-json\/wp\/v2\/types\/product"}],"wp:featuredmedia":[{"embeddable":true,"href":"https:\/\/estiloclassico.com.br\/index.php\/wp-json\/wp\/v2\/media\/378"}],"wp:attachment":[{"href":"https:\/\/estiloclassico.com.br\/index.php\/wp-json\/wp\/v2\/media?parent=483"}],"wp:term":[{"taxonomy":"product_cat","embeddable":true,"href":"https:\/\/estiloclassico.com.br\/index.php\/wp-json\/wp\/v2\/product_cat?post=483"},{"taxonomy":"product_tag","embeddable":true,"href":"https:\/\/estiloclassico.com.br\/index.php\/wp-json\/wp\/v2\/product_tag?post=483"}],"curies":[{"name":"wp","href":"https:\/\/api.w.org\/{rel}","templated":true}]}}