{"id":504,"date":"2023-09-01T16:39:13","date_gmt":"2023-09-01T19:39:13","guid":{"rendered":"https:\/\/estiloclassico.com.br\/?post_type=product&#038;p=504"},"modified":"2023-10-09T18:00:13","modified_gmt":"2023-10-09T21:00:13","slug":"papeleira-estilo-ingles-media","status":"publish","type":"product","link":"https:\/\/estiloclassico.com.br\/index.php\/product\/papeleira-estilo-ingles-media\/","title":{"rendered":"Papeleira estilo ingl\u00eas m\u00e9dia"},"content":{"rendered":"<p>Papeleira estilo ingl\u00eas em mogno, possui quatro gavetas grandes e duas menores com puxadores dourados. Possui duas portas e duas prateleiras internas em vidro.<br \/>\nTampo aberto e com chave, possui na parte interna quatro gavetas pequenas e uma de central.<\/p>\n<p>A:210<br \/>\nL:46<br \/>\nC:94<\/p>\n","protected":false},"excerpt":{"rendered":"<p>Papeleira estilo ingl\u00eas em mogno, possui quatro gavetas grandes e duas menores com puxadores dourados. Possui duas portas e duas prateleiras internas em vidro. Tampo aberto e com chave, possui na parte interna quatro gavetas pequenas e uma de central. A:210 L:46 C:94<\/p>\n","protected":false},"featured_media":301,"template":"","meta":{"site-sidebar-layout":"default","site-content-layout":"default","ast-site-content-layout":"default","site-content-style":"default","site-sidebar-style":"default","ast-global-header-display":"","ast-banner-title-visibility":"","ast-main-header-display":"","ast-hfb-above-header-display":"","ast-hfb-below-header-display":"","ast-hfb-mobile-header-display":"","site-post-title":"","ast-breadcrumbs-content":"","ast-featured-img":"","footer-sml-layout":"","theme-transparent-header-meta":"default","adv-header-id-meta":"","stick-header-meta":"","header-above-stick-meta":"","header-main-stick-meta":"","header-below-stick-meta":"","astra-migrate-meta-layouts":"set"},"product_cat":[29],"product_tag":[],"_links":{"self":[{"href":"https:\/\/estiloclassico.com.br\/index.php\/wp-json\/wp\/v2\/product\/504"}],"collection":[{"href":"https:\/\/estiloclassico.com.br\/index.php\/wp-json\/wp\/v2\/product"}],"about":[{"href":"https:\/\/estiloclassico.com.br\/index.php\/wp-json\/wp\/v2\/types\/product"}],"wp:featuredmedia":[{"embeddable":true,"href":"https:\/\/estiloclassico.com.br\/index.php\/wp-json\/wp\/v2\/media\/301"}],"wp:attachment":[{"href":"https:\/\/estiloclassico.com.br\/index.php\/wp-json\/wp\/v2\/media?parent=504"}],"wp:term":[{"taxonomy":"product_cat","embeddable":true,"href":"https:\/\/estiloclassico.com.br\/index.php\/wp-json\/wp\/v2\/product_cat?post=504"},{"taxonomy":"product_tag","embeddable":true,"href":"https:\/\/estiloclassico.com.br\/index.php\/wp-json\/wp\/v2\/product_tag?post=504"}],"curies":[{"name":"wp","href":"https:\/\/api.w.org\/{rel}","templated":true}]}}