{"id":505,"date":"2023-09-01T16:45:52","date_gmt":"2023-09-01T19:45:52","guid":{"rendered":"https:\/\/estiloclassico.com.br\/?post_type=product&#038;p=505"},"modified":"2023-10-06T17:29:20","modified_gmt":"2023-10-06T20:29:20","slug":"mesa-de-jantar-ou-reuniao","status":"publish","type":"product","link":"https:\/\/estiloclassico.com.br\/index.php\/product\/mesa-de-jantar-ou-reuniao\/","title":{"rendered":"Mesa de jantar ou reuni\u00e3o"},"content":{"rendered":"<p>Mesa em mogno, estilo ingl\u00eas. Tampo espinhado, p\u00e9s torneados com ponteiras douradas.<\/p>\n<p>A:75<br \/>\nL:120<br \/>\nC:280<\/p>\n","protected":false},"excerpt":{"rendered":"<p>Mesa em mogno, estilo ingl\u00eas. Tampo espinhado, p\u00e9s torneados com ponteiras douradas. A:75 L:120 C:280<\/p>\n","protected":false},"featured_media":291,"template":"","meta":{"site-sidebar-layout":"default","site-content-layout":"default","ast-site-content-layout":"default","site-content-style":"default","site-sidebar-style":"default","ast-global-header-display":"","ast-banner-title-visibility":"","ast-main-header-display":"","ast-hfb-above-header-display":"","ast-hfb-below-header-display":"","ast-hfb-mobile-header-display":"","site-post-title":"","ast-breadcrumbs-content":"","ast-featured-img":"","footer-sml-layout":"","theme-transparent-header-meta":"default","adv-header-id-meta":"","stick-header-meta":"","header-above-stick-meta":"","header-main-stick-meta":"","header-below-stick-meta":"","astra-migrate-meta-layouts":"set"},"product_cat":[20,36],"product_tag":[],"_links":{"self":[{"href":"https:\/\/estiloclassico.com.br\/index.php\/wp-json\/wp\/v2\/product\/505"}],"collection":[{"href":"https:\/\/estiloclassico.com.br\/index.php\/wp-json\/wp\/v2\/product"}],"about":[{"href":"https:\/\/estiloclassico.com.br\/index.php\/wp-json\/wp\/v2\/types\/product"}],"wp:featuredmedia":[{"embeddable":true,"href":"https:\/\/estiloclassico.com.br\/index.php\/wp-json\/wp\/v2\/media\/291"}],"wp:attachment":[{"href":"https:\/\/estiloclassico.com.br\/index.php\/wp-json\/wp\/v2\/media?parent=505"}],"wp:term":[{"taxonomy":"product_cat","embeddable":true,"href":"https:\/\/estiloclassico.com.br\/index.php\/wp-json\/wp\/v2\/product_cat?post=505"},{"taxonomy":"product_tag","embeddable":true,"href":"https:\/\/estiloclassico.com.br\/index.php\/wp-json\/wp\/v2\/product_tag?post=505"}],"curies":[{"name":"wp","href":"https:\/\/api.w.org\/{rel}","templated":true}]}}