{"id":506,"date":"2023-09-01T16:47:48","date_gmt":"2023-09-01T19:47:48","guid":{"rendered":"https:\/\/estiloclassico.com.br\/?post_type=product&#038;p=506"},"modified":"2023-10-06T17:37:06","modified_gmt":"2023-10-06T20:37:06","slug":"cristaleira","status":"publish","type":"product","link":"https:\/\/estiloclassico.com.br\/index.php\/product\/cristaleira\/","title":{"rendered":"Cristaleira"},"content":{"rendered":"<p>Cristaleira em mogno estilo ingl\u00eas, com p\u00e1tina francesa, possui ilumina\u00e7\u00e3o interna parte superior com duas portas com chave, parte central fixa e tr\u00eas prateleiras de cristal.<br \/>\nNa parte inferior com duas portas e chave, parte central fixa e duas prateleiras de cristal.<\/p>\n<p>A:210<br \/>\nL:37<br \/>\nC:135<\/p>\n","protected":false},"excerpt":{"rendered":"<p>Cristaleira em mogno estilo ingl\u00eas, com p\u00e1tina francesa, possui ilumina\u00e7\u00e3o interna parte superior com duas portas com chave, parte central fixa e tr\u00eas prateleiras de cristal. Na parte inferior com duas portas e chave, parte central fixa e duas prateleiras de cristal. A:210 L:37 C:135<\/p>\n","protected":false},"featured_media":284,"template":"","meta":{"site-sidebar-layout":"default","site-content-layout":"default","ast-site-content-layout":"default","site-content-style":"default","site-sidebar-style":"default","ast-global-header-display":"","ast-banner-title-visibility":"","ast-main-header-display":"","ast-hfb-above-header-display":"","ast-hfb-below-header-display":"","ast-hfb-mobile-header-display":"","site-post-title":"","ast-breadcrumbs-content":"","ast-featured-img":"","footer-sml-layout":"","theme-transparent-header-meta":"default","adv-header-id-meta":"","stick-header-meta":"","header-above-stick-meta":"","header-main-stick-meta":"","header-below-stick-meta":"","astra-migrate-meta-layouts":"set"},"product_cat":[24],"product_tag":[],"_links":{"self":[{"href":"https:\/\/estiloclassico.com.br\/index.php\/wp-json\/wp\/v2\/product\/506"}],"collection":[{"href":"https:\/\/estiloclassico.com.br\/index.php\/wp-json\/wp\/v2\/product"}],"about":[{"href":"https:\/\/estiloclassico.com.br\/index.php\/wp-json\/wp\/v2\/types\/product"}],"wp:featuredmedia":[{"embeddable":true,"href":"https:\/\/estiloclassico.com.br\/index.php\/wp-json\/wp\/v2\/media\/284"}],"wp:attachment":[{"href":"https:\/\/estiloclassico.com.br\/index.php\/wp-json\/wp\/v2\/media?parent=506"}],"wp:term":[{"taxonomy":"product_cat","embeddable":true,"href":"https:\/\/estiloclassico.com.br\/index.php\/wp-json\/wp\/v2\/product_cat?post=506"},{"taxonomy":"product_tag","embeddable":true,"href":"https:\/\/estiloclassico.com.br\/index.php\/wp-json\/wp\/v2\/product_tag?post=506"}],"curies":[{"name":"wp","href":"https:\/\/api.w.org\/{rel}","templated":true}]}}