{"id":508,"date":"2023-09-01T16:53:58","date_gmt":"2023-09-01T19:53:58","guid":{"rendered":"https:\/\/estiloclassico.com.br\/?post_type=product&#038;p=508"},"modified":"2023-10-11T17:32:43","modified_gmt":"2023-10-11T20:32:43","slug":"mini-armario-comoda","status":"publish","type":"product","link":"https:\/\/estiloclassico.com.br\/index.php\/product\/mini-armario-comoda\/","title":{"rendered":"Mini arm\u00e1rio\/c\u00f4moda"},"content":{"rendered":"<p>Mini arm\u00e1rio em mogno, estilo ingl\u00eas possui quatro portas com fechos tic-tac com puxadores dourados. Parte superior com espa\u00e7o livre interno e parte intermedi\u00e1ria com uma prateleira, quatro gavetas com puxadores dourados.<\/p>\n<p>A:180cm<br \/>\nL:53cm<br \/>\nC:72cm<\/p>\n","protected":false},"excerpt":{"rendered":"<p>Mini arm\u00e1rio em mogno, estilo ingl\u00eas possui quatro portas com fechos tic-tac com puxadores dourados. Parte superior com espa\u00e7o livre interno e parte intermedi\u00e1ria com uma prateleira, quatro gavetas com puxadores dourados. A:180cm L:53cm C:72cm<\/p>\n","protected":false},"featured_media":295,"template":"","meta":{"site-sidebar-layout":"default","site-content-layout":"default","ast-site-content-layout":"default","site-content-style":"default","site-sidebar-style":"default","ast-global-header-display":"","ast-banner-title-visibility":"","ast-main-header-display":"","ast-hfb-above-header-display":"","ast-hfb-below-header-display":"","ast-hfb-mobile-header-display":"","site-post-title":"","ast-breadcrumbs-content":"","ast-featured-img":"","footer-sml-layout":"","theme-transparent-header-meta":"default","adv-header-id-meta":"","stick-header-meta":"","header-above-stick-meta":"","header-main-stick-meta":"","header-below-stick-meta":"","astra-migrate-meta-layouts":"set"},"product_cat":[35,28],"product_tag":[],"_links":{"self":[{"href":"https:\/\/estiloclassico.com.br\/index.php\/wp-json\/wp\/v2\/product\/508"}],"collection":[{"href":"https:\/\/estiloclassico.com.br\/index.php\/wp-json\/wp\/v2\/product"}],"about":[{"href":"https:\/\/estiloclassico.com.br\/index.php\/wp-json\/wp\/v2\/types\/product"}],"wp:featuredmedia":[{"embeddable":true,"href":"https:\/\/estiloclassico.com.br\/index.php\/wp-json\/wp\/v2\/media\/295"}],"wp:attachment":[{"href":"https:\/\/estiloclassico.com.br\/index.php\/wp-json\/wp\/v2\/media?parent=508"}],"wp:term":[{"taxonomy":"product_cat","embeddable":true,"href":"https:\/\/estiloclassico.com.br\/index.php\/wp-json\/wp\/v2\/product_cat?post=508"},{"taxonomy":"product_tag","embeddable":true,"href":"https:\/\/estiloclassico.com.br\/index.php\/wp-json\/wp\/v2\/product_tag?post=508"}],"curies":[{"name":"wp","href":"https:\/\/api.w.org\/{rel}","templated":true}]}}