{"id":510,"date":"2023-09-01T16:55:42","date_gmt":"2023-09-01T19:55:42","guid":{"rendered":"https:\/\/estiloclassico.com.br\/?post_type=product&#038;p=510"},"modified":"2023-10-09T16:31:58","modified_gmt":"2023-10-09T19:31:58","slug":"mini-armario","status":"publish","type":"product","link":"https:\/\/estiloclassico.com.br\/index.php\/product\/mini-armario\/","title":{"rendered":"Mini arm\u00e1rio"},"content":{"rendered":"<p>Mini arm\u00e1rio em mogno, estilo ingl\u00eas. Possui seis gavetas, sendo tr\u00eas na parte superior e tr\u00eas na parte inferior da pe\u00e7a, com mini puxadores dourados.<br \/>\nPossui quatro portas com puxadores dourados e espa\u00e7o livre interno.<\/p>\n<p>A:130<br \/>\nL:45<br \/>\nC:93<\/p>\n","protected":false},"excerpt":{"rendered":"<p>Mini arm\u00e1rio em mogno, estilo ingl\u00eas. Possui seis gavetas, sendo tr\u00eas na parte superior e tr\u00eas na parte inferior da pe\u00e7a, com mini puxadores dourados. Possui quatro portas com puxadores dourados e espa\u00e7o livre interno. A:130 L:45 C:93<\/p>\n","protected":false},"featured_media":296,"template":"","meta":{"site-sidebar-layout":"default","site-content-layout":"default","ast-site-content-layout":"default","site-content-style":"default","site-sidebar-style":"default","ast-global-header-display":"","ast-banner-title-visibility":"","ast-main-header-display":"","ast-hfb-above-header-display":"","ast-hfb-below-header-display":"","ast-hfb-mobile-header-display":"","site-post-title":"","ast-breadcrumbs-content":"","ast-featured-img":"","footer-sml-layout":"","theme-transparent-header-meta":"default","adv-header-id-meta":"","stick-header-meta":"","header-above-stick-meta":"","header-main-stick-meta":"","header-below-stick-meta":"","astra-migrate-meta-layouts":"set"},"product_cat":[28],"product_tag":[],"_links":{"self":[{"href":"https:\/\/estiloclassico.com.br\/index.php\/wp-json\/wp\/v2\/product\/510"}],"collection":[{"href":"https:\/\/estiloclassico.com.br\/index.php\/wp-json\/wp\/v2\/product"}],"about":[{"href":"https:\/\/estiloclassico.com.br\/index.php\/wp-json\/wp\/v2\/types\/product"}],"wp:featuredmedia":[{"embeddable":true,"href":"https:\/\/estiloclassico.com.br\/index.php\/wp-json\/wp\/v2\/media\/296"}],"wp:attachment":[{"href":"https:\/\/estiloclassico.com.br\/index.php\/wp-json\/wp\/v2\/media?parent=510"}],"wp:term":[{"taxonomy":"product_cat","embeddable":true,"href":"https:\/\/estiloclassico.com.br\/index.php\/wp-json\/wp\/v2\/product_cat?post=510"},{"taxonomy":"product_tag","embeddable":true,"href":"https:\/\/estiloclassico.com.br\/index.php\/wp-json\/wp\/v2\/product_tag?post=510"}],"curies":[{"name":"wp","href":"https:\/\/api.w.org\/{rel}","templated":true}]}}