{"id":517,"date":"2023-09-04T15:33:30","date_gmt":"2023-09-04T18:33:30","guid":{"rendered":"https:\/\/estiloclassico.com.br\/?post_type=product&#038;p=517"},"modified":"2023-10-11T17:32:34","modified_gmt":"2023-10-11T20:32:34","slug":"comoda-estilo-ingles-mogno-i","status":"publish","type":"product","link":"https:\/\/estiloclassico.com.br\/index.php\/product\/comoda-estilo-ingles-mogno-i\/","title":{"rendered":"C\u00f4moda estilo ingl\u00eas mogno I"},"content":{"rendered":"<p>C\u00f4moda estilo ingl\u00eas em mogno.<br \/>\nPossui duas gavetas com puxadores, dourados, duas portas com chave e uma prateleira interna. Moldura aplicadas nas portas laterais da pe\u00e7a.<\/p>\n<p>A:90cm<br \/>\nL:47cm<br \/>\nC:100cm<\/p>\n","protected":false},"excerpt":{"rendered":"<p>C\u00f4moda estilo ingl\u00eas em mogno. Possui duas gavetas com puxadores, dourados, duas portas com chave e uma prateleira interna. Moldura aplicadas nas portas laterais da pe\u00e7a. A:90cm L:47cm C:100cm<\/p>\n","protected":false},"featured_media":283,"template":"","meta":{"site-sidebar-layout":"default","site-content-layout":"default","ast-site-content-layout":"default","site-content-style":"default","site-sidebar-style":"default","ast-global-header-display":"","ast-banner-title-visibility":"","ast-main-header-display":"","ast-hfb-above-header-display":"","ast-hfb-below-header-display":"","ast-hfb-mobile-header-display":"","site-post-title":"","ast-breadcrumbs-content":"","ast-featured-img":"","footer-sml-layout":"","theme-transparent-header-meta":"default","adv-header-id-meta":"","stick-header-meta":"","header-above-stick-meta":"","header-main-stick-meta":"","header-below-stick-meta":"","astra-migrate-meta-layouts":"set"},"product_cat":[35],"product_tag":[],"_links":{"self":[{"href":"https:\/\/estiloclassico.com.br\/index.php\/wp-json\/wp\/v2\/product\/517"}],"collection":[{"href":"https:\/\/estiloclassico.com.br\/index.php\/wp-json\/wp\/v2\/product"}],"about":[{"href":"https:\/\/estiloclassico.com.br\/index.php\/wp-json\/wp\/v2\/types\/product"}],"wp:featuredmedia":[{"embeddable":true,"href":"https:\/\/estiloclassico.com.br\/index.php\/wp-json\/wp\/v2\/media\/283"}],"wp:attachment":[{"href":"https:\/\/estiloclassico.com.br\/index.php\/wp-json\/wp\/v2\/media?parent=517"}],"wp:term":[{"taxonomy":"product_cat","embeddable":true,"href":"https:\/\/estiloclassico.com.br\/index.php\/wp-json\/wp\/v2\/product_cat?post=517"},{"taxonomy":"product_tag","embeddable":true,"href":"https:\/\/estiloclassico.com.br\/index.php\/wp-json\/wp\/v2\/product_tag?post=517"}],"curies":[{"name":"wp","href":"https:\/\/api.w.org\/{rel}","templated":true}]}}