{"id":518,"date":"2023-09-06T13:46:48","date_gmt":"2023-09-06T16:46:48","guid":{"rendered":"https:\/\/estiloclassico.com.br\/index.php\/product\/comoda-marchetaria-verde-tinus\/"},"modified":"2023-10-11T17:32:26","modified_gmt":"2023-10-11T20:32:26","slug":"comoda-marchetaria-verde-tinus","status":"publish","type":"product","link":"https:\/\/estiloclassico.com.br\/index.php\/product\/comoda-marchetaria-verde-tinus\/","title":{"rendered":"C\u00f4moda marchetaria verde tinus"},"content":{"rendered":"<p>C\u00f4moda em mogno estilo ingl\u00eas.<br \/>\nTampo em m\u00e1rmore verde tinus. Detalhes em marchetaria e espinhado na frente , laterais. Possui duas gavetas com puxadores dourados e duas portas com chave e prateleira interna.<\/p>\n<p>A:93cm<br \/>\nL:52cm<br \/>\nC:125cm<\/p>\n","protected":false},"excerpt":{"rendered":"<p>C\u00f4moda em mogno estilo ingl\u00eas. Tampo em m\u00e1rmore verde tinus. Detalhes em marchetaria e espinhado na frente , laterais. Possui duas gavetas com puxadores dourados e duas portas com chave e prateleira interna. A:93cm L:52cm C:125cm<\/p>\n","protected":false},"featured_media":281,"template":"","meta":{"site-sidebar-layout":"default","site-content-layout":"default","ast-site-content-layout":"default","site-content-style":"default","site-sidebar-style":"default","ast-global-header-display":"","ast-banner-title-visibility":"","ast-main-header-display":"","ast-hfb-above-header-display":"","ast-hfb-below-header-display":"","ast-hfb-mobile-header-display":"","site-post-title":"","ast-breadcrumbs-content":"","ast-featured-img":"","footer-sml-layout":"","theme-transparent-header-meta":"default","adv-header-id-meta":"","stick-header-meta":"","header-above-stick-meta":"","header-main-stick-meta":"","header-below-stick-meta":"","astra-migrate-meta-layouts":"set"},"product_cat":[35],"product_tag":[],"_links":{"self":[{"href":"https:\/\/estiloclassico.com.br\/index.php\/wp-json\/wp\/v2\/product\/518"}],"collection":[{"href":"https:\/\/estiloclassico.com.br\/index.php\/wp-json\/wp\/v2\/product"}],"about":[{"href":"https:\/\/estiloclassico.com.br\/index.php\/wp-json\/wp\/v2\/types\/product"}],"wp:featuredmedia":[{"embeddable":true,"href":"https:\/\/estiloclassico.com.br\/index.php\/wp-json\/wp\/v2\/media\/281"}],"wp:attachment":[{"href":"https:\/\/estiloclassico.com.br\/index.php\/wp-json\/wp\/v2\/media?parent=518"}],"wp:term":[{"taxonomy":"product_cat","embeddable":true,"href":"https:\/\/estiloclassico.com.br\/index.php\/wp-json\/wp\/v2\/product_cat?post=518"},{"taxonomy":"product_tag","embeddable":true,"href":"https:\/\/estiloclassico.com.br\/index.php\/wp-json\/wp\/v2\/product_tag?post=518"}],"curies":[{"name":"wp","href":"https:\/\/api.w.org\/{rel}","templated":true}]}}