{"id":521,"date":"2023-09-06T13:46:51","date_gmt":"2023-09-06T16:46:51","guid":{"rendered":"https:\/\/estiloclassico.com.br\/index.php\/product\/comoda-estilo-ingles-verde-tinus\/"},"modified":"2023-10-11T17:32:18","modified_gmt":"2023-10-11T20:32:18","slug":"comoda-estilo-ingles-verde-tinus","status":"publish","type":"product","link":"https:\/\/estiloclassico.com.br\/index.php\/product\/comoda-estilo-ingles-verde-tinus\/","title":{"rendered":"C\u00f4moda estilo ingl\u00eas verde tinus"},"content":{"rendered":"<p>C\u00f4moda em mogno estilo verde tinus. Tampo em m\u00e1rmore verde tinus molduras aplicadas e espinhado na frente e laterais, ponteiras douradas nos p\u00e9s. Possui duas gavetas com puxadores dourados, duas portas com chave e prateleira interna.<\/p>\n<p>A:93cm<br \/>\nL:52cm<br \/>\nC:148cm<\/p>\n","protected":false},"excerpt":{"rendered":"<p>C\u00f4moda em mogno estilo verde tinus. Tampo em m\u00e1rmore verde tinus molduras aplicadas e espinhado na frente e laterais, ponteiras douradas nos p\u00e9s. Possui duas gavetas com puxadores dourados, duas portas com chave e prateleira interna. A:93cm L:52cm C:148cm<\/p>\n","protected":false},"featured_media":577,"template":"","meta":{"site-sidebar-layout":"default","site-content-layout":"default","ast-site-content-layout":"default","site-content-style":"default","site-sidebar-style":"default","ast-global-header-display":"","ast-banner-title-visibility":"","ast-main-header-display":"","ast-hfb-above-header-display":"","ast-hfb-below-header-display":"","ast-hfb-mobile-header-display":"","site-post-title":"","ast-breadcrumbs-content":"","ast-featured-img":"","footer-sml-layout":"","theme-transparent-header-meta":"default","adv-header-id-meta":"","stick-header-meta":"","header-above-stick-meta":"","header-main-stick-meta":"","header-below-stick-meta":"","astra-migrate-meta-layouts":"set"},"product_cat":[35],"product_tag":[],"_links":{"self":[{"href":"https:\/\/estiloclassico.com.br\/index.php\/wp-json\/wp\/v2\/product\/521"}],"collection":[{"href":"https:\/\/estiloclassico.com.br\/index.php\/wp-json\/wp\/v2\/product"}],"about":[{"href":"https:\/\/estiloclassico.com.br\/index.php\/wp-json\/wp\/v2\/types\/product"}],"wp:featuredmedia":[{"embeddable":true,"href":"https:\/\/estiloclassico.com.br\/index.php\/wp-json\/wp\/v2\/media\/577"}],"wp:attachment":[{"href":"https:\/\/estiloclassico.com.br\/index.php\/wp-json\/wp\/v2\/media?parent=521"}],"wp:term":[{"taxonomy":"product_cat","embeddable":true,"href":"https:\/\/estiloclassico.com.br\/index.php\/wp-json\/wp\/v2\/product_cat?post=521"},{"taxonomy":"product_tag","embeddable":true,"href":"https:\/\/estiloclassico.com.br\/index.php\/wp-json\/wp\/v2\/product_tag?post=521"}],"curies":[{"name":"wp","href":"https:\/\/api.w.org\/{rel}","templated":true}]}}