{"id":532,"date":"2023-09-06T13:47:02","date_gmt":"2023-09-06T16:47:02","guid":{"rendered":"https:\/\/estiloclassico.com.br\/index.php\/product\/base-de-mesa-quadrada-barroca-i\/"},"modified":"2023-10-11T16:52:53","modified_gmt":"2023-10-11T19:52:53","slug":"base-de-mesa-quadrada-barroca-i","status":"publish","type":"product","link":"https:\/\/estiloclassico.com.br\/index.php\/product\/base-de-mesa-quadrada-barroca-i\/","title":{"rendered":"Base de mesa quadrada barroca I"},"content":{"rendered":"<p>Base para mesa de centro, quadrada, em p\u00e1tina, estilo barroco, entalhada em madeira maci\u00e7a.<\/p>\n<p>A:38cm<br \/>\nL:96cm<br \/>\nC:96cm<\/p>\n<p>Tampo de cristal n\u00e3o incluso.<\/p>\n","protected":false},"excerpt":{"rendered":"<p>Base para mesa de centro, quadrada, em p\u00e1tina, estilo barroco, entalhada em madeira maci\u00e7a. A:38cm L:96cm C:96cm Tampo de cristal n\u00e3o incluso.<\/p>\n","protected":false},"featured_media":271,"template":"","meta":{"site-sidebar-layout":"default","site-content-layout":"default","ast-site-content-layout":"default","site-content-style":"default","site-sidebar-style":"default","ast-global-header-display":"","ast-banner-title-visibility":"","ast-main-header-display":"","ast-hfb-above-header-display":"","ast-hfb-below-header-display":"","ast-hfb-mobile-header-display":"","site-post-title":"","ast-breadcrumbs-content":"","ast-featured-img":"","footer-sml-layout":"","theme-transparent-header-meta":"default","adv-header-id-meta":"","stick-header-meta":"","header-above-stick-meta":"","header-main-stick-meta":"","header-below-stick-meta":"","astra-migrate-meta-layouts":"set"},"product_cat":[41],"product_tag":[],"_links":{"self":[{"href":"https:\/\/estiloclassico.com.br\/index.php\/wp-json\/wp\/v2\/product\/532"}],"collection":[{"href":"https:\/\/estiloclassico.com.br\/index.php\/wp-json\/wp\/v2\/product"}],"about":[{"href":"https:\/\/estiloclassico.com.br\/index.php\/wp-json\/wp\/v2\/types\/product"}],"wp:featuredmedia":[{"embeddable":true,"href":"https:\/\/estiloclassico.com.br\/index.php\/wp-json\/wp\/v2\/media\/271"}],"wp:attachment":[{"href":"https:\/\/estiloclassico.com.br\/index.php\/wp-json\/wp\/v2\/media?parent=532"}],"wp:term":[{"taxonomy":"product_cat","embeddable":true,"href":"https:\/\/estiloclassico.com.br\/index.php\/wp-json\/wp\/v2\/product_cat?post=532"},{"taxonomy":"product_tag","embeddable":true,"href":"https:\/\/estiloclassico.com.br\/index.php\/wp-json\/wp\/v2\/product_tag?post=532"}],"curies":[{"name":"wp","href":"https:\/\/api.w.org\/{rel}","templated":true}]}}