{"id":545,"date":"2023-09-06T13:47:15","date_gmt":"2023-09-06T16:47:15","guid":{"rendered":"https:\/\/estiloclassico.com.br\/index.php\/product\/cadeira-estilo-ingles-com-bracos-i\/"},"modified":"2023-10-11T17:07:00","modified_gmt":"2023-10-11T20:07:00","slug":"cadeira-estilo-ingles-com-bracos-i","status":"publish","type":"product","link":"https:\/\/estiloclassico.com.br\/index.php\/product\/cadeira-estilo-ingles-com-bracos-i\/","title":{"rendered":"Cadeira estilo ingl\u00eas com bra\u00e7os I"},"content":{"rendered":"<p>Cadeira com bra\u00e7os, estilo ingl\u00eas, em mogno assento forrado em tecido.<\/p>\n<p>A:77cm<br \/>\nL:58cm<br \/>\nC:47cm<\/p>\n","protected":false},"excerpt":{"rendered":"<p>Cadeira com bra\u00e7os, estilo ingl\u00eas, em mogno assento forrado em tecido. A:77cm L:58cm C:47cm<\/p>\n","protected":false},"featured_media":342,"template":"","meta":{"site-sidebar-layout":"default","site-content-layout":"default","ast-site-content-layout":"default","site-content-style":"default","site-sidebar-style":"default","ast-global-header-display":"","ast-banner-title-visibility":"","ast-main-header-display":"","ast-hfb-above-header-display":"","ast-hfb-below-header-display":"","ast-hfb-mobile-header-display":"","site-post-title":"","ast-breadcrumbs-content":"","ast-featured-img":"","footer-sml-layout":"","theme-transparent-header-meta":"default","adv-header-id-meta":"","stick-header-meta":"","header-above-stick-meta":"","header-main-stick-meta":"","header-below-stick-meta":"","astra-migrate-meta-layouts":"set"},"product_cat":[18],"product_tag":[],"_links":{"self":[{"href":"https:\/\/estiloclassico.com.br\/index.php\/wp-json\/wp\/v2\/product\/545"}],"collection":[{"href":"https:\/\/estiloclassico.com.br\/index.php\/wp-json\/wp\/v2\/product"}],"about":[{"href":"https:\/\/estiloclassico.com.br\/index.php\/wp-json\/wp\/v2\/types\/product"}],"wp:featuredmedia":[{"embeddable":true,"href":"https:\/\/estiloclassico.com.br\/index.php\/wp-json\/wp\/v2\/media\/342"}],"wp:attachment":[{"href":"https:\/\/estiloclassico.com.br\/index.php\/wp-json\/wp\/v2\/media?parent=545"}],"wp:term":[{"taxonomy":"product_cat","embeddable":true,"href":"https:\/\/estiloclassico.com.br\/index.php\/wp-json\/wp\/v2\/product_cat?post=545"},{"taxonomy":"product_tag","embeddable":true,"href":"https:\/\/estiloclassico.com.br\/index.php\/wp-json\/wp\/v2\/product_tag?post=545"}],"curies":[{"name":"wp","href":"https:\/\/api.w.org\/{rel}","templated":true}]}}