{"id":554,"date":"2023-09-06T13:47:23","date_gmt":"2023-09-06T16:47:23","guid":{"rendered":"https:\/\/estiloclassico.com.br\/index.php\/product\/cadeira-com-bracos-lira\/"},"modified":"2023-10-11T17:02:31","modified_gmt":"2023-10-11T20:02:31","slug":"cadeira-com-bracos-lira","status":"publish","type":"product","link":"https:\/\/estiloclassico.com.br\/index.php\/product\/cadeira-com-bracos-lira\/","title":{"rendered":"Cadeira com bra\u00e7os lira"},"content":{"rendered":"<p>Cadeira com bra\u00e7os em mogno, estilo ingl\u00eas, encosto em forma de lira. Assento forrado em tecido.<\/p>\n<p>A:95cm<br \/>\nL:53cm<br \/>\nC:46cm<\/p>\n","protected":false},"excerpt":{"rendered":"<p>Cadeira com bra\u00e7os em mogno, estilo ingl\u00eas, encosto em forma de lira. Assento forrado em tecido. A:95cm L:53cm C:46cm<\/p>\n","protected":false},"featured_media":348,"template":"","meta":{"site-sidebar-layout":"default","site-content-layout":"default","ast-site-content-layout":"default","site-content-style":"default","site-sidebar-style":"default","ast-global-header-display":"","ast-banner-title-visibility":"","ast-main-header-display":"","ast-hfb-above-header-display":"","ast-hfb-below-header-display":"","ast-hfb-mobile-header-display":"","site-post-title":"","ast-breadcrumbs-content":"","ast-featured-img":"","footer-sml-layout":"","theme-transparent-header-meta":"default","adv-header-id-meta":"","stick-header-meta":"","header-above-stick-meta":"","header-main-stick-meta":"","header-below-stick-meta":"","astra-migrate-meta-layouts":"set"},"product_cat":[18],"product_tag":[],"_links":{"self":[{"href":"https:\/\/estiloclassico.com.br\/index.php\/wp-json\/wp\/v2\/product\/554"}],"collection":[{"href":"https:\/\/estiloclassico.com.br\/index.php\/wp-json\/wp\/v2\/product"}],"about":[{"href":"https:\/\/estiloclassico.com.br\/index.php\/wp-json\/wp\/v2\/types\/product"}],"wp:featuredmedia":[{"embeddable":true,"href":"https:\/\/estiloclassico.com.br\/index.php\/wp-json\/wp\/v2\/media\/348"}],"wp:attachment":[{"href":"https:\/\/estiloclassico.com.br\/index.php\/wp-json\/wp\/v2\/media?parent=554"}],"wp:term":[{"taxonomy":"product_cat","embeddable":true,"href":"https:\/\/estiloclassico.com.br\/index.php\/wp-json\/wp\/v2\/product_cat?post=554"},{"taxonomy":"product_tag","embeddable":true,"href":"https:\/\/estiloclassico.com.br\/index.php\/wp-json\/wp\/v2\/product_tag?post=554"}],"curies":[{"name":"wp","href":"https:\/\/api.w.org\/{rel}","templated":true}]}}