{"id":571,"date":"2023-09-06T16:08:01","date_gmt":"2023-09-06T19:08:01","guid":{"rendered":"https:\/\/estiloclassico.com.br\/?post_type=product&#038;p=571"},"modified":"2023-10-11T17:02:11","modified_gmt":"2023-10-11T20:02:11","slug":"cadeira-boneca-luis-xvi-em-mogno","status":"publish","type":"product","link":"https:\/\/estiloclassico.com.br\/index.php\/product\/cadeira-boneca-luis-xvi-em-mogno\/","title":{"rendered":"Cadeira boneca Lu\u00eds XVI em mogno"},"content":{"rendered":"<p>Cadeira boneca Lu\u00eds XVI em mogno, com p\u00e9s torneados. Forrada em tecido.<\/p>\n<p>A:80cm<br \/>\nL:48cm<br \/>\nC:45cm<\/p>\n","protected":false},"excerpt":{"rendered":"<p>Cadeira boneca Lu\u00eds XVI em mogno, com p\u00e9s torneados. Forrada em tecido. A:80cm L:48cm C:45cm<\/p>\n","protected":false},"featured_media":374,"template":"","meta":{"site-sidebar-layout":"default","site-content-layout":"default","ast-site-content-layout":"default","site-content-style":"default","site-sidebar-style":"default","ast-global-header-display":"","ast-banner-title-visibility":"","ast-main-header-display":"","ast-hfb-above-header-display":"","ast-hfb-below-header-display":"","ast-hfb-mobile-header-display":"","site-post-title":"","ast-breadcrumbs-content":"","ast-featured-img":"","footer-sml-layout":"","theme-transparent-header-meta":"default","adv-header-id-meta":"","stick-header-meta":"","header-above-stick-meta":"","header-main-stick-meta":"","header-below-stick-meta":"","astra-migrate-meta-layouts":"set"},"product_cat":[18],"product_tag":[],"_links":{"self":[{"href":"https:\/\/estiloclassico.com.br\/index.php\/wp-json\/wp\/v2\/product\/571"}],"collection":[{"href":"https:\/\/estiloclassico.com.br\/index.php\/wp-json\/wp\/v2\/product"}],"about":[{"href":"https:\/\/estiloclassico.com.br\/index.php\/wp-json\/wp\/v2\/types\/product"}],"wp:featuredmedia":[{"embeddable":true,"href":"https:\/\/estiloclassico.com.br\/index.php\/wp-json\/wp\/v2\/media\/374"}],"wp:attachment":[{"href":"https:\/\/estiloclassico.com.br\/index.php\/wp-json\/wp\/v2\/media?parent=571"}],"wp:term":[{"taxonomy":"product_cat","embeddable":true,"href":"https:\/\/estiloclassico.com.br\/index.php\/wp-json\/wp\/v2\/product_cat?post=571"},{"taxonomy":"product_tag","embeddable":true,"href":"https:\/\/estiloclassico.com.br\/index.php\/wp-json\/wp\/v2\/product_tag?post=571"}],"curies":[{"name":"wp","href":"https:\/\/api.w.org\/{rel}","templated":true}]}}