{"id":572,"date":"2023-09-06T16:10:10","date_gmt":"2023-09-06T19:10:10","guid":{"rendered":"https:\/\/estiloclassico.com.br\/?post_type=product&#038;p=572"},"modified":"2023-10-04T17:34:59","modified_gmt":"2023-10-04T20:34:59","slug":"poltrona-luis-xvi-em-cerejeira","status":"publish","type":"product","link":"https:\/\/estiloclassico.com.br\/index.php\/product\/poltrona-luis-xvi-em-cerejeira\/","title":{"rendered":"Poltrona Lu\u00eds XVI em cerejeira"},"content":{"rendered":"<p>Cadeira com bra\u00e7os Lu\u00eds XVI em cerejeira, p\u00e9s torneados. Forrada em tecido com detalhes em tachas no encosto, assento e bra\u00e7os<\/p>\n<p>&nbsp;<\/p>\n<p>A:83<br \/>\nL:57<br \/>\nP:50<\/p>\n","protected":false},"excerpt":{"rendered":"<p>Cadeira com bra\u00e7os Lu\u00eds XVI em cerejeira, p\u00e9s torneados. Forrada em tecido com detalhes em tachas no encosto, assento e bra\u00e7os &nbsp; A:83 L:57 P:50<\/p>\n","protected":false},"featured_media":376,"template":"","meta":{"site-sidebar-layout":"default","site-content-layout":"default","ast-site-content-layout":"","site-content-style":"default","site-sidebar-style":"default","ast-global-header-display":"","ast-banner-title-visibility":"","ast-main-header-display":"","ast-hfb-above-header-display":"","ast-hfb-below-header-display":"","ast-hfb-mobile-header-display":"","site-post-title":"","ast-breadcrumbs-content":"","ast-featured-img":"","footer-sml-layout":"","theme-transparent-header-meta":"default","adv-header-id-meta":"","stick-header-meta":"","header-above-stick-meta":"","header-main-stick-meta":"","header-below-stick-meta":"","astra-migrate-meta-layouts":""},"product_cat":[17],"product_tag":[],"_links":{"self":[{"href":"https:\/\/estiloclassico.com.br\/index.php\/wp-json\/wp\/v2\/product\/572"}],"collection":[{"href":"https:\/\/estiloclassico.com.br\/index.php\/wp-json\/wp\/v2\/product"}],"about":[{"href":"https:\/\/estiloclassico.com.br\/index.php\/wp-json\/wp\/v2\/types\/product"}],"wp:featuredmedia":[{"embeddable":true,"href":"https:\/\/estiloclassico.com.br\/index.php\/wp-json\/wp\/v2\/media\/376"}],"wp:attachment":[{"href":"https:\/\/estiloclassico.com.br\/index.php\/wp-json\/wp\/v2\/media?parent=572"}],"wp:term":[{"taxonomy":"product_cat","embeddable":true,"href":"https:\/\/estiloclassico.com.br\/index.php\/wp-json\/wp\/v2\/product_cat?post=572"},{"taxonomy":"product_tag","embeddable":true,"href":"https:\/\/estiloclassico.com.br\/index.php\/wp-json\/wp\/v2\/product_tag?post=572"}],"curies":[{"name":"wp","href":"https:\/\/api.w.org\/{rel}","templated":true}]}}