{"id":766,"date":"2023-10-18T14:57:13","date_gmt":"2023-10-18T17:57:13","guid":{"rendered":"https:\/\/estiloclassico.com.br\/?post_type=product&#038;p=766"},"modified":"2023-10-18T14:57:13","modified_gmt":"2023-10-18T17:57:13","slug":"cadeira-camurca-em-mogno","status":"publish","type":"product","link":"https:\/\/estiloclassico.com.br\/index.php\/product\/cadeira-camurca-em-mogno\/","title":{"rendered":"Cadeira camur\u00e7a em mogno"},"content":{"rendered":"<p>Cadeira em mogno, estilo ingl\u00eas com detalhes no encosto e forrada em tecido camur\u00e7a azul.<\/p>\n<p>A:98cm<\/p>\n<p>L:48cm<\/p>\n<p>C:42cm<\/p>\n","protected":false},"excerpt":{"rendered":"<p>Cadeira em mogno, estilo ingl\u00eas com detalhes no encosto e forrada em tecido camur\u00e7a azul. A:98cm L:48cm C:42cm<\/p>\n","protected":false},"featured_media":390,"template":"","meta":{"site-sidebar-layout":"default","site-content-layout":"","ast-site-content-layout":"default","site-content-style":"default","site-sidebar-style":"default","ast-global-header-display":"","ast-banner-title-visibility":"","ast-main-header-display":"","ast-hfb-above-header-display":"","ast-hfb-below-header-display":"","ast-hfb-mobile-header-display":"","site-post-title":"","ast-breadcrumbs-content":"","ast-featured-img":"","footer-sml-layout":"","theme-transparent-header-meta":"default","adv-header-id-meta":"","stick-header-meta":"","header-above-stick-meta":"","header-main-stick-meta":"","header-below-stick-meta":"","astra-migrate-meta-layouts":"set"},"product_cat":[18],"product_tag":[],"_links":{"self":[{"href":"https:\/\/estiloclassico.com.br\/index.php\/wp-json\/wp\/v2\/product\/766"}],"collection":[{"href":"https:\/\/estiloclassico.com.br\/index.php\/wp-json\/wp\/v2\/product"}],"about":[{"href":"https:\/\/estiloclassico.com.br\/index.php\/wp-json\/wp\/v2\/types\/product"}],"wp:featuredmedia":[{"embeddable":true,"href":"https:\/\/estiloclassico.com.br\/index.php\/wp-json\/wp\/v2\/media\/390"}],"wp:attachment":[{"href":"https:\/\/estiloclassico.com.br\/index.php\/wp-json\/wp\/v2\/media?parent=766"}],"wp:term":[{"taxonomy":"product_cat","embeddable":true,"href":"https:\/\/estiloclassico.com.br\/index.php\/wp-json\/wp\/v2\/product_cat?post=766"},{"taxonomy":"product_tag","embeddable":true,"href":"https:\/\/estiloclassico.com.br\/index.php\/wp-json\/wp\/v2\/product_tag?post=766"}],"curies":[{"name":"wp","href":"https:\/\/api.w.org\/{rel}","templated":true}]}}