{"id":790,"date":"2023-10-23T15:30:43","date_gmt":"2023-10-23T18:30:43","guid":{"rendered":"https:\/\/estiloclassico.com.br\/?post_type=product&#038;p=790"},"modified":"2023-10-23T15:30:43","modified_gmt":"2023-10-23T18:30:43","slug":"cadeira-estilo-ingles-com-bracos","status":"publish","type":"product","link":"https:\/\/estiloclassico.com.br\/index.php\/product\/cadeira-estilo-ingles-com-bracos\/","title":{"rendered":"Cadeira estilo ingl\u00eas com bra\u00e7os"},"content":{"rendered":"<p>Cadeira com bra\u00e7os, em mogno, estilo ingl\u00eas estofada.<\/p>\n<p>A:93cm<br \/>\nL:60cm<br \/>\nC:53cm<\/p>\n","protected":false},"excerpt":{"rendered":"<p>Cadeira com bra\u00e7os, em mogno, estilo ingl\u00eas estofada. A:93cm L:60cm C:53cm<\/p>\n","protected":false},"featured_media":388,"template":"","meta":{"site-sidebar-layout":"default","site-content-layout":"","ast-site-content-layout":"default","site-content-style":"default","site-sidebar-style":"default","ast-global-header-display":"","ast-banner-title-visibility":"","ast-main-header-display":"","ast-hfb-above-header-display":"","ast-hfb-below-header-display":"","ast-hfb-mobile-header-display":"","site-post-title":"","ast-breadcrumbs-content":"","ast-featured-img":"","footer-sml-layout":"","theme-transparent-header-meta":"default","adv-header-id-meta":"","stick-header-meta":"","header-above-stick-meta":"","header-main-stick-meta":"","header-below-stick-meta":"","astra-migrate-meta-layouts":"set"},"product_cat":[18],"product_tag":[],"_links":{"self":[{"href":"https:\/\/estiloclassico.com.br\/index.php\/wp-json\/wp\/v2\/product\/790"}],"collection":[{"href":"https:\/\/estiloclassico.com.br\/index.php\/wp-json\/wp\/v2\/product"}],"about":[{"href":"https:\/\/estiloclassico.com.br\/index.php\/wp-json\/wp\/v2\/types\/product"}],"wp:featuredmedia":[{"embeddable":true,"href":"https:\/\/estiloclassico.com.br\/index.php\/wp-json\/wp\/v2\/media\/388"}],"wp:attachment":[{"href":"https:\/\/estiloclassico.com.br\/index.php\/wp-json\/wp\/v2\/media?parent=790"}],"wp:term":[{"taxonomy":"product_cat","embeddable":true,"href":"https:\/\/estiloclassico.com.br\/index.php\/wp-json\/wp\/v2\/product_cat?post=790"},{"taxonomy":"product_tag","embeddable":true,"href":"https:\/\/estiloclassico.com.br\/index.php\/wp-json\/wp\/v2\/product_tag?post=790"}],"curies":[{"name":"wp","href":"https:\/\/api.w.org\/{rel}","templated":true}]}}